{"id":4333,"date":"2014-12-28T22:17:30","date_gmt":"2014-12-28T21:17:30","guid":{"rendered":"http:\/\/www.caths.cz\/wordpress\/?page_id=4333"},"modified":"2024-12-16T13:29:34","modified_gmt":"2024-12-16T12:29:34","slug":"odkazy","status":"publish","type":"page","link":"https:\/\/www.caths.cz\/wordpress\/odkazy\/","title":{"rendered":"Odkazy"},"content":{"rendered":"\n<h3 class=\"wp-block-heading\">Instituce v \u010cR<\/h3>\n\n\n\n<ul class=\"wp-block-list\">\n<li><strong>\u010cesk\u00fd paralympijsk\u00fd v\u00fdbor <\/strong><strong><a href=\"http:\/\/www.paralympic.cz\/\"><span style=\"color: #0066cc;\">\/www.paralympic.cz\/<\/span><\/a><\/strong><\/li>\n\n\n\n<li><strong>\u010cesk\u00fd svaz cyklistiky <\/strong><strong><a href=\"http:\/\/www.ceskysvazcyklistiky.cz\/\"><span style=\"color: #0066cc;\">\/www.ceskysvazcyklistiky.cz\/<\/span><\/a><\/strong><\/li>\n\n\n\n<li><strong>Antidopingov\u00fd v\u00fdbor \u010cR <a href=\"http:\/\/www.antidoping.cz\/\"><span style=\"color: #0066cc;\">\/www.antidoping.cz\/<\/span><\/a><\/strong><\/li>\n\n\n\n<li><strong>\u010cesk\u00fd olympijsk\u00fd v\u00fdbor <\/strong><strong><a href=\"http:\/\/www.olympic.cz\/\"><span style=\"color: #0066cc;\">\/www.olympic.cz\/<\/span><\/a><\/strong><\/li>\n<\/ul>\n\n\n\n<h3 class=\"wp-block-heading\">Kluby a sout\u011b\u017ee v \u010cR<\/h3>\n\n\n\n<ul class=\"wp-block-list\">\n<li><strong>Atletika voz\u00ed\u010dk\u00e1\u0159\u016f <a href=\"http:\/\/www.atletikavozickaru.cz\/\"><span style=\"color: #0066cc;\">\/www.atletikavozickaru.cz\/<\/span><\/a><\/strong><\/li>\n\n\n\n<li><strong>Basketbal na voz\u00edku<\/strong> <span style=\"color: #0000ff;\"><strong>\/<a style=\"color: #0000ff;\" href=\"http:\/\/www.wbasket.cz\">www.wbasket.cz<\/a>&nbsp;\/<\/strong><\/span><\/li>\n\n\n\n<li><strong>\u010cesk\u00e1 asociace ledn\u00edho hokeje handicapovan\u00fdch <a href=\"http:\/\/www.chha.cz\/\"><span style=\"color: #0066cc;\">\/www.chha.cz\/<\/span><\/a><\/strong><\/li>\n\n\n\n<li><strong>\u010cern\u00ed kon\u011b &#8211; paracycling team <\/strong><strong><a href=\"http:\/\/www.cernikone.cz\/\"><span style=\"color: #0066cc;\">\/www.cernikone.cz\/<\/span><\/a><\/strong><\/li>\n\n\n\n<li><strong>Handbike \u010cR Team <\/strong><strong><a href=\"http:\/\/www.handbikecr.cz\/\"><span style=\"color: #0066cc;\">\/www.handbikecr.cz\/<\/span><\/a><\/strong><\/li>\n\n\n\n<li><strong>SK Cyklist\u016f Praha <\/strong><strong><a href=\"http:\/\/www.skcpraha.cz\/\"><span style=\"color: #0066cc;\">\/www.skcpraha.cz\/<\/span><\/a><\/strong><\/li>\n\n\n\n<li><strong>SK Nov\u00e9 M\u011bsto n. Metuj\u00ed <a href=\"http:\/\/www.sportklub.cz\/\"><span style=\"color: #0066cc;\">\/www.sportklub.cz\/<\/span><\/a><\/strong><\/li>\n\n\n\n<li><strong>1.Centrum zdravotn\u011b posti\u017een\u00fdch J\u010c TJ <\/strong><strong><a href=\"http:\/\/www.1czpjc.cz\/\"><span style=\"color: #0066cc;\">\/www.1czpjc.cz\/<\/span><\/a><\/strong><\/li>\n\n\n\n<li><strong>Pra\u017esk\u00fd MTB poh\u00e1r <\/strong><strong><a href=\"http:\/\/www.prahamtb.cz\/\"><span style=\"color: #0066cc;\">\/www.prahamtb.cz\/<\/span><\/a><\/strong><\/li>\n\n\n\n<li><strong>\u010cesk\u00fd poh\u00e1r handbike <\/strong><strong><a href=\"http:\/\/www.cphandbike.cz\/\/\"><span style=\"color: #0066cc;\">\/www.cphandbike.cz\/<\/span><\/a><\/strong><\/li>\n\n\n\n<li><strong>ASK Elna Po\u010derady &#8211; z\u00e1vody handbik\u016f <\/strong><strong><a href=\"http:\/\/www.askelna.wz.cz\/\"><span style=\"color: #0066cc;\">\/www.askelna.wz.cz\/<\/span><\/a><\/strong><\/li>\n<\/ul>\n\n\n\n<h3 class=\"wp-block-heading\">Zahrani\u010dn\u00ed odkazy<\/h3>\n\n\n\n<ul class=\"wp-block-list\">\n<li><strong>Mezin\u00e1rodn\u00ed paralympijsk\u00fd v\u00fdbor <\/strong><strong><a href=\"http:\/\/www.paralympic.org\/\"><span style=\"color: #0066cc;\">\/www.paralympic.org\/<\/span><\/a><\/strong><\/li>\n\n\n\n<li><strong>Mezin\u00e1rodn\u00ed cyklistick\u00e1 unie <\/strong><strong><a href=\"http:\/\/www.uci.ch\/\"><span style=\"color: #0066cc;\">\/www.uci.ch\/<\/span><\/a><\/strong><\/li>\n\n\n\n<li><strong>Sv\u011btov\u00e1 antidopingov\u00e1 agentura (WADA) <a href=\"http:\/\/www.wada-ama.org\/\"><span style=\"color: #0066cc;\">\/www.wada-ama.org\/<\/span><\/a><\/strong><\/li>\n\n\n\n<li><strong>International Disabled Sailing Organisation <\/strong><strong><a href=\"http:\/\/www.sailing.org\/ifds.php\/\"><span style=\"color: #0066cc;\">\/www.sailing.org\/ifds.php\/<\/span><\/a><\/strong><\/li>\n\n\n\n<li><strong>Para Table Tennis <\/strong><strong><a href=\"http:\/\/www.ipttc.org\/\"><span style=\"color: #0066cc;\">\/www.ipttc.org\/<\/span><\/a><\/strong><\/li>\n\n\n\n<li><strong>Para Archery <\/strong><strong><a href=\"http:\/\/www.para-archery.org\/\"><span style=\"color: #0066cc;\">\/www.para-archery.org\/<\/span><\/a><\/strong><\/li>\n<\/ul>\n\n\n\n<h3 class=\"wp-block-heading\">Informa\u010dn\u00ed servery<\/h3>\n\n\n\n<ul class=\"wp-block-list\">\n<li><strong>ParalympicSport.TV &#8211; internetov\u00e9 TV p\u0159enosy <\/strong><strong><a href=\"http:\/\/www.paralympicsport.tv\/\"><span style=\"color: #0066cc;\">\/www.paralympicsport.tv\/<\/span><\/a><\/strong><\/li>\n<\/ul>\n\n\n\n<h3 class=\"wp-block-heading\">Paralympi\u00e1dy<\/h3>\n\n\n\n<ul class=\"wp-block-list\">\n<li><strong>Pa\u0159\u00ed\u017e 2024: <a href=\"https:\/\/www.paralympic.org\/paris-2024\" target=\"_blank\" rel=\"noreferrer noopener\">https:\/\/www.paralympic.org\/paris-2024<\/a><\/strong><\/li>\n\n\n\n<li><strong>Peking 2022:<\/strong> <a rel=\"noreferrer noopener\" href=\"https:\/\/www.paralympic.org\/beijing-2022\" target=\"_blank\"><strong>https:\/\/www.paralympic.org\/beijing-2022<\/strong><\/a><\/li>\n\n\n\n<li><strong>Tokio 2021: <a href=\"https:\/\/www.paralympic.org\/tokyo-2020\" target=\"_blank\" rel=\"noreferrer noopener\">https:\/\/www.paralympic.org\/tokyo-2020<\/a><\/strong><\/li>\n\n\n\n<li><strong>Rio 2016 <a href=\"http:\/\/www.rio2016.com\/en\/Default.aspx\"><span style=\"color: #0066cc;\">http:\/\/www.rio2016.com\/<\/span><\/a><\/strong><\/li>\n\n\n\n<li><strong>So\u010di 2014 <\/strong><strong><a href=\"http:\/\/sochi2014.com\/en\/games\/sport\/paralympic-games\/\"><span style=\"color: #0066cc;\">http:\/\/sochi2014.com\/en\/games\/sport\/paralympic-games\/<\/span><\/a><\/strong><\/li>\n\n\n\n<li><strong>Lond\u00fdn 2012 <\/strong><strong><a href=\"http:\/\/www.london2012.com\/games\/paralympic\/index.php\"><span style=\"color: #0066cc;\">http:\/\/www.london2012.com\/games\/paralympic\/<\/span><\/a><\/strong><\/li>\n\n\n\n<li><strong>Vancouver 2010 <\/strong><strong><a href=\"http:\/\/www.vancouver2010.com\/paralympic-games\/\"><span style=\"color: #0066cc;\">http:\/\/www.vancouver2010.com\/paralympic-games\/<\/span><\/a><\/strong><\/li>\n\n\n\n<li><strong>Peking 2008 <a href=\"http:\/\/en.paralympic.beijing2008.cn\/\"><span style=\"color: #0066cc;\">\/ http:\/\/en.paralympic.beijing2008.cn\/<\/span><\/a><\/strong><\/li>\n<\/ul>\n","protected":false},"excerpt":{"rendered":"<a href=\"https:\/\/www.caths.cz\/wordpress\/odkazy\/\"><img loading=\"lazy\" decoding=\"async\" width=\"100\" height=\"100\" src=\"https:\/\/www.caths.cz\/wordpress\/wp-content\/plugins\/thumbnail-for-excerpts\/tfe_no_thumb.png\" class=\"alignleft wp-post-image tfe\" alt=\"\" title=\"\" \/><\/a><p>Instituce v \u010cR Kluby a sout\u011b\u017ee v \u010cR Zahrani\u010dn\u00ed odkazy Informa\u010dn\u00ed servery Paralympi\u00e1dy<\/p>\n","protected":false},"author":1,"featured_media":0,"parent":0,"menu_order":4,"comment_status":"closed","ping_status":"closed","template":"","meta":{"ngg_post_thumbnail":0,"footnotes":""},"class_list":["post-4333","page","type-page","status-publish","hentry"],"_links":{"self":[{"href":"https:\/\/www.caths.cz\/wordpress\/wp-json\/wp\/v2\/pages\/4333","targetHints":{"allow":["GET"]}}],"collection":[{"href":"https:\/\/www.caths.cz\/wordpress\/wp-json\/wp\/v2\/pages"}],"about":[{"href":"https:\/\/www.caths.cz\/wordpress\/wp-json\/wp\/v2\/types\/page"}],"author":[{"embeddable":true,"href":"https:\/\/www.caths.cz\/wordpress\/wp-json\/wp\/v2\/users\/1"}],"replies":[{"embeddable":true,"href":"https:\/\/www.caths.cz\/wordpress\/wp-json\/wp\/v2\/comments?post=4333"}],"version-history":[{"count":3,"href":"https:\/\/www.caths.cz\/wordpress\/wp-json\/wp\/v2\/pages\/4333\/revisions"}],"predecessor-version":[{"id":31384,"href":"https:\/\/www.caths.cz\/wordpress\/wp-json\/wp\/v2\/pages\/4333\/revisions\/31384"}],"wp:attachment":[{"href":"https:\/\/www.caths.cz\/wordpress\/wp-json\/wp\/v2\/media?parent=4333"}],"curies":[{"name":"wp","href":"https:\/\/api.w.org\/{rel}","templated":true}]}}