{"id":4329,"date":"2014-12-28T22:15:09","date_gmt":"2014-12-28T21:15:09","guid":{"rendered":"http:\/\/www.caths.cz\/wordpress\/?page_id=4329"},"modified":"2024-01-03T17:54:49","modified_gmt":"2024-01-03T16:54:49","slug":"tjsk","status":"publish","type":"page","link":"https:\/\/www.caths.cz\/wordpress\/caths\/tjsk\/","title":{"rendered":"TJ\/SK"},"content":{"rendered":"<h2>SEZNAM TJ A SK SDRU\u017dEN\u00ddCH V \u010cATHS (rozd\u011blen\u00ed podle kraj\u016f)<\/h2>\n<h3>Hlavn\u00ed m\u011bsto Praha<\/h3>\n<ul>\n<li><span style=\"color: #0000ff;\"><strong>Slovan Svoboda Praha ; <\/strong><\/span>Kontakt: Jaroslav K\u0159e\u010dek, <a href=\"mailto:krejcar@seznam.cz\">krejcar@seznam.cz<\/a><\/li>\n<li><strong><span style=\"color: #0066cc;\"><span style=\"color: #0000ff;\">SK Cyklist\u016f Praha ; <\/span><\/span><\/strong>Kontakt: Mgr. Viktor Zapletal, <a href=\"mailto:zapletal.vik@volny.cz\">zapletal.vik@volny.cz<\/a><\/li>\n<li><strong><span style=\"color: #0066cc;\"><span style=\"color: #0000ff;\">SC J\u00da Praha ; <\/span><\/span><\/strong>Kontakt: Mgr. Pavel Mart\u00ednek, <a style=\"font-size: revert;\" href=\"mailto:scjupraha@centrum.cz\">scjupraha@centrum.cz<\/a><\/li>\n<\/ul>\n<h3>St\u0159edo\u010desk\u00fd kraj<\/h3>\n<ul>\n<li><span style=\"color: #0000ff;\"><strong>\u010cern\u00ed kon\u011b <span style=\"text-decoration: underline;\">;<\/span><\/strong><\/span>Kontakt: Tom\u00e1\u0161 Pouch, <a href=\"mailto:info@cernikone.cz\">info@cernikone.cz<\/a>, <a href=\"http:\/\/www.cernikone.cz\/\"><span style=\"color: #0066cc;\">www.cernikone.cz<\/span><\/a><\/li>\n<\/ul>\n<h3>Jiho\u010desk\u00fd kraj<\/h3>\n<ul>\n<li><span style=\"color: #0000ff;\"><strong>1. CZP ji\u017en\u00edch \u010cech ; <\/strong><\/span>Kontakt: Ji\u0159\u00ed Sm\u00e9kal, <a href=\"mailto:czpcb@volny.cz\">czpcb@volny.cz<\/a>, <span style=\"color: #0066cc;\"><a href=\"http:\/\/www.1czpjc.cz\/\">www.1czpjc.cz<\/a><\/span><\/li>\n<\/ul>\n<h3>Vyso\u010dina<\/h3>\n<ul>\n<li><span style=\"color: #0000ff;\"><b>SK Vodom\u00edlek ; <\/b><\/span>Kontakt: Lada Ko\u0159\u00ednkov\u00e1, <a href=\"Lada%20Ko\u0159\u00ednkov\u00e1 (Lada.Korinkova@seznam.cz)\">lada.korinkova@seznam.cz<\/a>; <a href=\"https:\/\/vodomilek.cz\/\">www.vodomilek.cz<\/a><\/li>\n<\/ul>\n<h3>Kr\u00e1lov\u00e9hradeck\u00fd kraj<\/h3>\n<ul>\n<li><span style=\"color: #0000ff;\"><strong>SK Nov\u00e9 M\u011bsto nad Metuj\u00ed ; <\/strong><\/span>Kontakt: Libor \u0160najdr, <a href=\"mailto:sportklub@sportklub.cz\">sportklub@sportklub.cz<\/a>, <a href=\"http:\/\/www.sportklub.cz\/\"><span style=\"color: #0066cc;\">www.sportklub.cz<\/span><\/a><\/li>\n<\/ul>\n<h3>Pardubick\u00fd kraj<\/h3>\n<ul>\n<li><span style=\"color: #0000ff;\"><strong>Atletika Bez Bari\u00e9r Pardubice ; <\/strong><\/span>Kontakt: Eva Hrdinov\u00e1, <a href=\"mailto:info@atletikabb.cz\">info@atletikabb.cz<\/a>,&nbsp;<a href=\"http:\/\/www.atletikabb.cz\">www.atletikabb.cz<\/a><\/li>\n<\/ul>\n<h3>Olomouck\u00fd kraj<\/h3>\n<ul>\n<li><span style=\"color: #0000ff;\"><strong>SK TPS Olomouc ; <\/strong><\/span>Kontakt: Vladim\u00edr Mar\u010dan, <a href=\"mailto:v.marcan@volny.cz\">v.marcan@volny.cz<\/a><\/li>\n<li><span style=\"color: #0000ff;\"><strong>AK Olomouc ; <\/strong><\/span>Kontakt: Vendula \u0160ebe\u010dkov\u00e1, <a href=\"mailto:vendulasebeckova@gmail.com\">vendulasebeckova@gmail.com<\/a><\/li>\n<\/ul>\n<h3>Moravskoslezsk\u00fd kraj<\/h3>\n<ul>\n<li><span style=\"color: #0000ff;\"><strong>SSK V\u00edtkovice, z.s. ; <\/strong><\/span>Kontakt: Aneta Inochovsk\u00e1, <a href=\"mailto:AnetaInochovska@seznam.cz\">AnetaInochovska@seznam.cz<\/a><\/li>\n<\/ul>\n<h3>Plze\u0148sk\u00fd kraj<\/h3>\n<ul>\n<li><span style=\"color: #0000ff;\"><strong>TJ Halma Plze\u0148 ; <\/strong><\/span>Kontakt: Roman Suda, <a href=\"mailto:soudecek@gmail.com\">soudecek@gmail.com<\/a><\/li>\n<\/ul>\n<h3>Zl\u00ednsk\u00fd kraj<\/h3>\n<ul>\n<li><span style=\"color: #0000ff;\"><strong>AC Wozmeni Zl\u00edn <\/strong><\/span><strong>; <\/strong><span style=\"color: initial;\">Kontakt: P\u0159emysl Li\u0161ka, <a href=\"mailto:premysl.liska@gmail.com\">premysl.liska@gmail.com<\/a><\/span><\/li>\n<\/ul>\n","protected":false},"excerpt":{"rendered":"<a href=\"https:\/\/www.caths.cz\/wordpress\/caths\/tjsk\/\"><img loading=\"lazy\" decoding=\"async\" width=\"100\" height=\"100\" src=\"https:\/\/www.caths.cz\/wordpress\/wp-content\/plugins\/thumbnail-for-excerpts\/tfe_no_thumb.png\" class=\"alignleft wp-post-image tfe\" alt=\"\" title=\"\" \/><\/a><p>SEZNAM TJ A SK SDRU\u017dEN\u00ddCH V \u010cATHS (rozd\u011blen\u00ed podle kraj\u016f) Hlavn\u00ed m\u011bsto Praha Slovan Svoboda Praha ; Kontakt: Jaroslav K\u0159e\u010dek, krejcar@seznam.cz SK Cyklist\u016f Praha ; Kontakt: Mgr. Viktor Zapletal, zapletal.vik@volny.cz [&hellip;]<\/p>\n","protected":false},"author":1,"featured_media":0,"parent":103,"menu_order":0,"comment_status":"closed","ping_status":"closed","template":"","meta":{"ngg_post_thumbnail":0,"footnotes":""},"class_list":["post-4329","page","type-page","status-publish","hentry"],"_links":{"self":[{"href":"https:\/\/www.caths.cz\/wordpress\/wp-json\/wp\/v2\/pages\/4329","targetHints":{"allow":["GET"]}}],"collection":[{"href":"https:\/\/www.caths.cz\/wordpress\/wp-json\/wp\/v2\/pages"}],"about":[{"href":"https:\/\/www.caths.cz\/wordpress\/wp-json\/wp\/v2\/types\/page"}],"author":[{"embeddable":true,"href":"https:\/\/www.caths.cz\/wordpress\/wp-json\/wp\/v2\/users\/1"}],"replies":[{"embeddable":true,"href":"https:\/\/www.caths.cz\/wordpress\/wp-json\/wp\/v2\/comments?post=4329"}],"version-history":[{"count":11,"href":"https:\/\/www.caths.cz\/wordpress\/wp-json\/wp\/v2\/pages\/4329\/revisions"}],"predecessor-version":[{"id":30681,"href":"https:\/\/www.caths.cz\/wordpress\/wp-json\/wp\/v2\/pages\/4329\/revisions\/30681"}],"up":[{"embeddable":true,"href":"https:\/\/www.caths.cz\/wordpress\/wp-json\/wp\/v2\/pages\/103"}],"wp:attachment":[{"href":"https:\/\/www.caths.cz\/wordpress\/wp-json\/wp\/v2\/media?parent=4329"}],"curies":[{"name":"wp","href":"https:\/\/api.w.org\/{rel}","templated":true}]}}