{"id":4324,"date":"2014-12-28T22:12:51","date_gmt":"2014-12-28T21:12:51","guid":{"rendered":"http:\/\/www.caths.cz\/wordpress\/?page_id=4324"},"modified":"2022-03-05T22:22:10","modified_gmt":"2022-03-05T21:22:10","slug":"stolni-tenis","status":"publish","type":"page","link":"https:\/\/www.caths.cz\/wordpress\/sporty\/archiv\/stolni-tenis\/","title":{"rendered":"Stoln\u00ed tenis"},"content":{"rendered":"<h4><span style=\"color: #0066cc;\">Reprezentace:<\/span><\/h4>\n<p><strong>reprezenta\u010dn\u00ed t\u00fdm A:<br \/>\n<\/strong>Karabec Ivan (kategorie 10)<br \/>\nLambert Zbyn\u011bk (7)<br \/>\nHorut Daniel (7)<br \/>\nKristi\u00e1n Jel\u00ednek (7)<\/p>\n<p><strong>reprezenta\u010dn\u00ed t\u00fdm B:<\/strong><br \/>\nSpomenka Hab\u011bt\u00ednkov\u00e1 (5)<br \/>\nVladim\u00edr Tl\u00e1skal (4)<\/p>\n<p><strong>realiza\u010dn\u00ed t\u00fdm:<br \/>\n<\/strong>vedouc\u00ed sekce: Zbyn\u011bk Lambert<br \/>\nz\u00e1stupce hr\u00e1\u010d\u016f: Ivan Karabec<br \/>\nmarketing, \u010dlen sekce: Ing. Franti\u0161ek Lambert<br \/>\nasistent: \u0160t\u011bp\u00e1n Jel\u00ednek<\/p>\n<hr \/>\n<p><b><span style=\"color: #0066cc;\">Profily reprezentant\u016f:<\/span><\/b><\/p>\n<p><img decoding=\"async\" src=\"http:\/\/www.caths.cz\/image\/profily\/karabec_profil.jpg\" alt=\"\" \/><br \/>\n<strong>JM\u00c9NO: \u00a0\u00a0 <span style=\"color: #0066cc;\">IVAN KARABEC<\/span><\/strong><br \/>\n<strong>NAROZEN\/A: \u00a0\u00a0 <\/strong>1980<br \/>\n<strong>ZAM\u011aSTN\u00c1N\u00cd: \u00a0\u00a0 <\/strong>profesion\u00e1ln\u00ed stoln\u00ed tenista, tren\u00e9r ml\u00e1de\u017ee KLUBsten Karvin\u00e1<br \/>\n<strong>STAV\/D\u011aTI: \u00a0\u00a0 <\/strong>\u017eenat\u00fd\/bezd\u011btn\u00fd<br \/>\n<strong>KON\u00cd\u010cKY: \u00a0\u00a0 <\/strong>ryba\u0159en\u00ed, sportovn\u00ed auta &#8211; tunning, ralye<br \/>\n<strong>SPORT: \u00a0\u00a0<\/strong>stoln\u00ed tenis<br \/>\n<strong>DISCIPL\u00cdNA\/Y: \u00a0\u00a0 <\/strong>jednotlivci, dru\u017estva<br \/>\n<strong>KATEGORIE: \u00a0\u00a0<\/strong>10 stoj\u00edc\u00ed<br \/>\n<strong>SPORTUJI OD ROKU: \u00a0\u00a0 <\/strong>1990<br \/>\n<strong>NEJV\u011aT\u0160\u00cd \u00daSP\u011aCHY: \u00a0\u00a0 <\/strong><\/p>\n<ul>\n<li>Paralympijsk\u00fd v\u00edt\u011bz ve dvouh\u0159e z Sydney 2000<\/li>\n<li>Mistr sv\u011bta ve dvouh\u0159e 2006<\/li>\n<li>Druh\u00e9 a t\u0159et\u00ed m\u00edsto na MS 2010<\/li>\n<li>T\u0159et\u00ed m\u00edsto jednotlivci MS 2002<\/li>\n<li>Mistr Evropy ve dvouh\u0159e 2003, 2007, 2009<\/li>\n<li>Druh\u00e9 m\u00edsto jednotlivci ME 2005<\/li>\n<li>T\u0159et\u00ed m\u00edsto jednotlivci ME 1997, 2001<\/li>\n<li>Druh\u00e9 m\u00edsto dru\u017estva PH 2000<\/li>\n<li>Druh\u00e9 m\u00edsto dru\u017estva MS 1998, 2002, 2006<\/li>\n<li>Druh\u00e9 m\u00edsto dru\u017estva ME 2009<\/li>\n<li>T\u0159et\u00ed m\u00edsto dru\u017estva ME 1999, 2001, 2003, 2005, 2007<\/li>\n<li>N\u011bkolikan\u00e1sobn\u00fd v\u00edt\u011bz MM jednotliv\u00fdch zem\u00ed<\/li>\n<li>N\u011bkolikan\u00e1sobn\u00fd v\u00edt\u011bz MM \u010cR<\/li>\n<li>N\u011bkolikan\u00e1sobn\u00fd MR<\/li>\n<\/ul>\n<p><strong>TREN\u00c9R: \u00a0\u00a0 <\/strong>Miroslav Schenk<br \/>\n<strong>SK\/TJ: \u00a0\u00a0 <\/strong>SKST Ban\u00edk Hav\u00ed\u0159ov<\/p>\n<hr \/>\n<hr \/>\n<p><img decoding=\"async\" src=\"http:\/\/www.caths.cz\/image\/profily\/lambert_profil.jpg\" alt=\"\" \/><br \/>\n<strong>JM\u00c9NO: \u00a0\u00a0 <span style=\"color: #0066cc;\">ZBYN\u011aK LAMBERT<\/span><\/strong><br \/>\n<strong>NAROZEN\/A: \u00a0\u00a0 <\/strong>1956<br \/>\n<strong>ZAM\u011aSTN\u00c1N\u00cd: \u00a0\u00a0 <\/strong>technik<br \/>\n<strong>STAV\/D\u011aTI: \u00a0\u00a0 <\/strong>\u017eenat\u00fd\/dcera<br \/>\n<strong>KON\u00cd\u010cKY: \u00a0\u00a0 <\/strong>sport, cestov\u00e1n\u00ed (pam\u00e1tky, p\u0159\u00edroda, historie), rodina<br \/>\n<strong>SPORT: \u00a0\u00a0<\/strong>stoln\u00ed tenis<br \/>\n<strong>DISCIPL\u00cdNA\/Y: \u00a0\u00a0 <\/strong>jednotlivci, dru\u017estva<br \/>\n<strong>KATEGORIE: \u00a0\u00a0<\/strong>7 stoj\u00edc\u00ed<br \/>\n<strong>SPORTUJI OD ROKU: \u00a0\u00a0 <\/strong>1969<br \/>\n<strong>NEJV\u011aT\u0160\u00cd \u00daSP\u011aCHY: \u00a0\u00a0 <\/strong><\/p>\n<ul>\n<li>2. m\u00edsto dru\u017estva MS 2010<\/li>\n<li>3. m\u00edsto dru\u017estva ME 2005<\/li>\n<li>\u00da\u010dast na PH 2008 Peking, 2012 Lond\u00fdn<\/li>\n<li>N\u011bkolikan\u00e1sobn\u00fd v\u00edt\u011bz MM jednotliv\u00fdch zem\u00ed<\/li>\n<li>N\u011bkolikan\u00e1sobn\u00fd v\u00edt\u011bz MM \u010cR<\/li>\n<li>N\u011bkolikan\u00e1sobn\u00fd MR<\/li>\n<\/ul>\n<p><strong>TREN\u00c9R: \u00a0\u00a0 <\/strong>Miroslav Schenk<br \/>\n<strong>SK\/TJ: \u00a0\u00a0 <\/strong>SK ZD Pojbuky<\/p>\n<hr \/>\n<p><img decoding=\"async\" src=\"http:\/\/www.caths.cz\/image\/profily\/horut_profil.jpg\" alt=\"\" \/><br \/>\n<strong>JM\u00c9NO: \u00a0\u00a0 <span style=\"color: #0066cc;\">DANIEL HORUT<\/span><\/strong><br \/>\n<strong>NAROZEN\/A: \u00a0\u00a0 <\/strong>1981<br \/>\n<strong>ZAM\u011aSTN\u00c1N\u00cd: \u00a0\u00a0 <\/strong>program\u00e1tor<br \/>\n<strong>STAV\/D\u011aTI: \u00a0\u00a0 <\/strong>svobodn\u00fd<br \/>\n<strong>KON\u00cd\u010cKY: \u00a0\u00a0 <\/strong>sport, po\u010d\u00edta\u010de<br \/>\n<strong>SPORT: \u00a0\u00a0<\/strong>stoln\u00ed tenis<br \/>\n<strong>DISCIPL\u00cdNA\/Y: \u00a0\u00a0 <\/strong>jednotlivci, dru\u017estva<br \/>\n<strong>KATEGORIE: \u00a0\u00a0<\/strong>7 stoj\u00edc\u00ed<br \/>\n<strong>SPORTUJI OD ROKU: \u00a0\u00a0 <\/strong>1994<br \/>\n<strong>NEJV\u011aT\u0160\u00cd \u00daSP\u011aCHY: \u00a0\u00a0 <\/strong><\/p>\n<ul>\n<li>Druh\u00e9 m\u00edsto dru\u017estva MS 2010<\/li>\n<li>T\u0159et\u00ed m\u00edsto jednotlivci ME 2005<\/li>\n<li>T\u0159et\u00ed m\u00edsto dru\u017estva ME 2005<\/li>\n<li>\u00da\u010dast na PH 2012 Lond\u00fdn<\/li>\n<li>N\u011bkolikan\u00e1sobn\u00fd v\u00edt\u011bz MM jednotliv\u00fdch zem\u00ed<\/li>\n<li>N\u011bkolikan\u00e1sobn\u00fd MR<\/li>\n<\/ul>\n<p><strong>TREN\u00c9R: \u00a0\u00a0 <\/strong>Miroslav Schenk<br \/>\n<strong>SK\/TJ: \u00a0\u00a0 <\/strong>MSV Stud\u00e9nka<\/p>\n<hr \/>\n<p>Do roku 2018:<\/p>\n<p><a href=\"http:\/\/www.caths.cz\/wordpress\/wp-content\/uploads\/2014\/12\/PULPAN-David-web.jpg\"><img loading=\"lazy\" decoding=\"async\" class=\"alignnone size-full wp-image-25780\" src=\"http:\/\/www.caths.cz\/wordpress\/wp-content\/uploads\/2014\/12\/PULPAN-David-web.jpg\" alt=\"PULPAN-David web\" width=\"249\" height=\"150\" srcset=\"https:\/\/www.caths.cz\/wordpress\/wp-content\/uploads\/2014\/12\/PULPAN-David-web.jpg 249w, https:\/\/www.caths.cz\/wordpress\/wp-content\/uploads\/2014\/12\/PULPAN-David-web-120x72.jpg 120w\" sizes=\"auto, (max-width: 249px) 100vw, 249px\" \/><\/a><\/p>\n<p><strong>JM\u00c9NO: \u00a0\u00a0 <span style=\"color: #3366ff;\">DAVID P\u016eLP\u00c1N<\/span><\/strong><br \/>\n<strong>NAROZEN\/A: \u00a0\u00a0 <\/strong>1993<br \/>\n<strong>ZAM\u011aSTN\u00c1N\u00cd:\u00a0 \u00a0 <\/strong>student\u00a0UK FTVS<br \/>\n<strong>STAV\/D\u011aTI: \u00a0\u00a0 <\/strong>svobodn\u00fd<br \/>\n<strong>KON\u00cd\u010cKY: \u00a0\u00a0 <\/strong>stoln\u00ed tenis, nohejbal, tenis, rodina, p\u0159\u00e1tel\u00e9, spole\u010dnost, odpo\u010dinek<br \/>\n<strong>SPORT: \u00a0\u00a0<\/strong>stoln\u00ed tenis<br \/>\n<strong>DISCIPL\u00cdNA\/Y: \u00a0\u00a0 <\/strong>jednotlivci, dru\u017estva<br \/>\n<strong>KATEGORIE:\u00a0 \u00a0<\/strong>9\u00a0stoj\u00edc\u00ed<br \/>\n<strong>SPORTUJI OD ROKU: \u00a0\u00a0 <\/strong>2005,\u00a0v reprezentaci od roku 2011<br \/>\n<strong>NEJV\u011aT\u0160\u00cd \u00daSP\u011aCHY:\u00a0 \u00a0<\/strong><\/p>\n<ul>\n<li><span style=\"color: #000000;\"><span style=\"font-size: 11.5pt;\">2<\/span><span style=\"font-size: 11.5pt;\">012 Hungarian Open: 2. m\u00edsto v jednotlivc\u00edch,<\/span><\/span><span style=\"font-size: 11.5pt;\">3. m\u00edsto ve dru\u017estvech. <\/span><\/li>\n<li><span style=\"font-size: 11.5pt;\">2014\u00a0<\/span><span style=\"font-size: 11.5pt;\">MS\u00a0<\/span>do 23 let ve Velk\u00e9 Brit\u00e1nii: 2. m\u00edsto v jednotlivc\u00edch, 1. m\u00edsto ve dru\u017estvech.<\/li>\n<li><span style=\"color: #000000;\">2014 nominov\u00e1n na handicapovan\u00e9ho sportovce roku: objev roku 2014. <\/span><\/li>\n<li><span style=\"color: #000000;\">2016, 2017\u00a0<\/span>M\u010cR: 1. m\u00edsto v jednotlivc\u00edch.<\/li>\n<li><span style=\"color: #000000;\">2016,<\/span>2017: \u00fa\u010dast na M\u010cR &#8222;zdrav\u00fdch&#8220;<\/li>\n<li><span style=\"color: #000000;\">2016 Slovakia Open: 1. m\u00edsto ve dru\u017estvech. <\/span><\/li>\n<li><span style=\"color: #000000;\">2017 Czech Open: 3. m\u00edsto v jednotlivc\u00edch, 1. m\u00edsto ve dru\u017estvech.<\/span><\/li>\n<\/ul>\n<p><strong>TREN\u00c9R: \u00a0\u00a0 <\/strong>Tom\u00e1\u0161 Vr\u0148\u00e1k a Petr Kauck\u00fd<br \/>\n<strong>SK\/TJ: \u00a0\u00a0\u00a0<\/strong>SF SKK EL Ni\u0148o Praha<\/p>\n<p><a href=\"http:\/\/www.caths.cz\/wordpress\/wp-content\/uploads\/2014\/12\/V\u00edtek_web.jpg\"><img loading=\"lazy\" decoding=\"async\" class=\"alignnone size-full wp-image-25778\" src=\"http:\/\/www.caths.cz\/wordpress\/wp-content\/uploads\/2014\/12\/V\u00edtek_web.jpg\" alt=\"V\u00edtek_web\" width=\"225\" height=\"150\" srcset=\"https:\/\/www.caths.cz\/wordpress\/wp-content\/uploads\/2014\/12\/V\u00edtek_web.jpg 225w, https:\/\/www.caths.cz\/wordpress\/wp-content\/uploads\/2014\/12\/V\u00edtek_web-120x80.jpg 120w\" sizes=\"auto, (max-width: 225px) 100vw, 225px\" \/><\/a><\/p>\n<p><strong>JM\u00c9NO: \u00a0\u00a0 V\u00cdT \u0160PALEK<\/strong><br \/>\n<strong>NAROZEN\/A:\u00a0 \u00a0 2003<\/strong><br \/>\n<strong>ZAM\u011aSTN\u00c1N\u00cd: \u00a0\u00a0 <\/strong>student<br \/>\n<strong>STAV\/D\u011aTI: \u00a0\u00a0<\/strong> svobodn\u00fd<br \/>\n<strong>KON\u00cd\u010cKY: \u00a0\u00a0 <\/strong>hokej, po\u010d\u00edta\u010d a b\u011b\u017eky<br \/>\n<strong>SPORT: \u00a0\u00a0<\/strong>stoln\u00ed tenis<br \/>\n<strong>DISCIPL\u00cdNA\/Y: \u00a0\u00a0 <\/strong>jednotlivci, dru\u017estva<br \/>\n<strong>KATEGORIE: \u00a0\u00a0<\/strong>8 stoj\u00edc\u00ed<br \/>\n<strong>SPORTUJI OD ROKU:\u00a0 \u00a0 <\/strong>2011<br \/>\n<strong>NEJV\u011aT\u0160\u00cd \u00daSP\u011aCHY:\u00a0 \u00a0<\/strong><\/p>\n<ul>\n<li>17.m\u00edsto Olympi\u00e1da d\u011bt\u00ed a ml\u00e1de\u017ee Brno (mezi d\u011btmi bez handicapu)<\/li>\n<li>9.-16.m\u00edsto Bodovac\u00ed turnaj \u010cR (v sout\u011b\u017ei d\u011bt\u00ed bez handicapu)<\/li>\n<li>n\u011bkolikan\u00e1sobn\u00fd krajsk\u00fd p\u0159eborn\u00edk ml\u00e1de\u017ee Karlovarsk\u00e9ho kraje (mezi d\u011btmi bez handicapu)<\/li>\n<\/ul>\n<p><strong>TREN\u00c9R:\u00a0 \u00a0\u00a0<\/strong>Bc. Petr Gavlas<br \/>\n<strong>SK\/TJ: \u00a0\u00a0\u00a0<\/strong>SKST Cheb<\/p>\n","protected":false},"excerpt":{"rendered":"<a href=\"https:\/\/www.caths.cz\/wordpress\/sporty\/archiv\/stolni-tenis\/\"><img width=\"100\" height=\"100\" src=\"https:\/\/www.caths.cz\/wordpress\/wp-content\/uploads\/2014\/12\/V\u00edtek-100x100.jpg\" class=\"alignleft tfe wp-post-image\" alt=\"\" decoding=\"async\" loading=\"lazy\" srcset=\"https:\/\/www.caths.cz\/wordpress\/wp-content\/uploads\/2014\/12\/V\u00edtek-100x100.jpg 100w, https:\/\/www.caths.cz\/wordpress\/wp-content\/uploads\/2014\/12\/V\u00edtek-150x150.jpg 150w\" sizes=\"auto, (max-width: 100px) 100vw, 100px\" \/><\/a><p>Reprezentace: reprezenta\u010dn\u00ed t\u00fdm A: Karabec Ivan (kategorie 10) Lambert Zbyn\u011bk (7) Horut Daniel (7) Kristi\u00e1n Jel\u00ednek (7) reprezenta\u010dn\u00ed t\u00fdm B: Spomenka Hab\u011bt\u00ednkov\u00e1 (5) Vladim\u00edr Tl\u00e1skal (4) realiza\u010dn\u00ed t\u00fdm: vedouc\u00ed sekce: [&hellip;]<\/p>\n","protected":false},"author":1,"featured_media":25777,"parent":29646,"menu_order":0,"comment_status":"closed","ping_status":"closed","template":"","meta":{"ngg_post_thumbnail":0,"footnotes":""},"class_list":["post-4324","page","type-page","status-publish","has-post-thumbnail","hentry"],"_links":{"self":[{"href":"https:\/\/www.caths.cz\/wordpress\/wp-json\/wp\/v2\/pages\/4324","targetHints":{"allow":["GET"]}}],"collection":[{"href":"https:\/\/www.caths.cz\/wordpress\/wp-json\/wp\/v2\/pages"}],"about":[{"href":"https:\/\/www.caths.cz\/wordpress\/wp-json\/wp\/v2\/types\/page"}],"author":[{"embeddable":true,"href":"https:\/\/www.caths.cz\/wordpress\/wp-json\/wp\/v2\/users\/1"}],"replies":[{"embeddable":true,"href":"https:\/\/www.caths.cz\/wordpress\/wp-json\/wp\/v2\/comments?post=4324"}],"version-history":[{"count":10,"href":"https:\/\/www.caths.cz\/wordpress\/wp-json\/wp\/v2\/pages\/4324\/revisions"}],"predecessor-version":[{"id":27082,"href":"https:\/\/www.caths.cz\/wordpress\/wp-json\/wp\/v2\/pages\/4324\/revisions\/27082"}],"up":[{"embeddable":true,"href":"https:\/\/www.caths.cz\/wordpress\/wp-json\/wp\/v2\/pages\/29646"}],"wp:featuredmedia":[{"embeddable":true,"href":"https:\/\/www.caths.cz\/wordpress\/wp-json\/wp\/v2\/media\/25777"}],"wp:attachment":[{"href":"https:\/\/www.caths.cz\/wordpress\/wp-json\/wp\/v2\/media?parent=4324"}],"curies":[{"name":"wp","href":"https:\/\/api.w.org\/{rel}","templated":true}]}}