{"id":4322,"date":"2014-12-28T22:12:30","date_gmt":"2014-12-28T21:12:30","guid":{"rendered":"http:\/\/www.caths.cz\/wordpress\/?page_id=4322"},"modified":"2022-03-05T22:21:58","modified_gmt":"2022-03-05T21:21:58","slug":"sledge-hokej","status":"publish","type":"page","link":"https:\/\/www.caths.cz\/wordpress\/sporty\/archiv\/sledge-hokej\/","title":{"rendered":"Sledge hokej"},"content":{"rendered":"<h2>Sledge hokej &#8211; reprezenta\u010dn\u00ed t\u00fdm<\/h2>\n<p><span style=\"color: #3366ff;\"><strong>Hr\u00e1\u010di:<\/strong><\/span><\/p>\n<p>Brank\u00e1\u0159i:<br \/>\nMichal V\u00e1penka (6), Jan Matou\u0161ek (17), Martin Kudela<\/p>\n<p>Obr\u00e1nci:<br \/>\nJi\u0159\u00ed Berger (10), Miroslav Hrbek (65), Pavel Kube\u0161 (29), David Moty\u010dka<\/p>\n<p>\u00dato\u010dn\u00edci:<br \/>\nMichal Geier (74), Zden\u011bk H\u00e1bl (82), Zden\u011bk Krupi\u010dka (96), David Pal\u00e1t (77), Ji\u0159\u00ed Raul (75), Zden\u011bk \u0160afr\u00e1nek (24), Pavel Dole\u017eal (67), Matin Nov\u00e1k (15), Jan Frol\u00edk (23), Karel W\u00e1gner<\/p>\n<p><span style=\"color: #3366ff;\"><strong>Realiza\u010dn\u00ed t\u00fdm:<\/strong><\/span><\/p>\n<p>Hlavn\u00ed tren\u00e9r: Ji\u0159\u00ed B\u0159\u00edza<br \/>\nMana\u017eer t\u00fdmu : Jaroslava Krakovi\u010dov\u00e1<br \/>\nAsistenti tren\u00e9ra: Jakub Novotn\u00fd, Jan Katauer<br \/>\nL\u00e9ka\u0159 : MUDr. Libor Musil<br \/>\nFyzioterapeuti: Michaela Dobe\u0161ov\u00e1, Jan Habara<br \/>\nKustod: Petr Str\u00e1nsk\u00fd<\/p>\n<p><a href=\"http:\/\/www.caths.cz\/wordpress\/wp-content\/uploads\/2014\/12\/20161203_164804.jpg\"><img loading=\"lazy\" decoding=\"async\" class=\"alignnone size-large wp-image-24477\" src=\"http:\/\/www.caths.cz\/wordpress\/wp-content\/uploads\/2014\/12\/20161203_164804-1024x666.jpg\" alt=\"20161203_164804\" width=\"600\" height=\"390\" srcset=\"https:\/\/www.caths.cz\/wordpress\/wp-content\/uploads\/2014\/12\/20161203_164804-1024x666.jpg 1024w, https:\/\/www.caths.cz\/wordpress\/wp-content\/uploads\/2014\/12\/20161203_164804-300x195.jpg 300w, https:\/\/www.caths.cz\/wordpress\/wp-content\/uploads\/2014\/12\/20161203_164804-120x78.jpg 120w\" sizes=\"auto, (max-width: 600px) 100vw, 600px\" \/><\/a><\/p>\n<p><span style=\"color: #3366ff;\"><strong>Partne\u0159i:<\/strong><\/span><\/p>\n<p>Nadace Bl\u00ed\u017e k sob\u011b<\/p>\n<p><a href=\"http:\/\/www.caths.cz\/wordpress\/wp-content\/uploads\/2014\/12\/logo1.png\"><img loading=\"lazy\" decoding=\"async\" class=\"alignnone size-full wp-image-24473\" src=\"http:\/\/www.caths.cz\/wordpress\/wp-content\/uploads\/2014\/12\/logo1.png\" alt=\"logo\" width=\"173\" height=\"167\" srcset=\"https:\/\/www.caths.cz\/wordpress\/wp-content\/uploads\/2014\/12\/logo1.png 173w, https:\/\/www.caths.cz\/wordpress\/wp-content\/uploads\/2014\/12\/logo1-120x116.png 120w\" sizes=\"auto, (max-width: 173px) 100vw, 173px\" \/><\/a><\/p>\n","protected":false},"excerpt":{"rendered":"<a href=\"https:\/\/www.caths.cz\/wordpress\/sporty\/archiv\/sledge-hokej\/\"><img width=\"100\" height=\"100\" src=\"https:\/\/www.caths.cz\/wordpress\/wp-content\/uploads\/2014\/12\/20161203_164804-100x100.jpg\" class=\"alignleft tfe wp-post-image\" alt=\"\" decoding=\"async\" loading=\"lazy\" srcset=\"https:\/\/www.caths.cz\/wordpress\/wp-content\/uploads\/2014\/12\/20161203_164804-100x100.jpg 100w, https:\/\/www.caths.cz\/wordpress\/wp-content\/uploads\/2014\/12\/20161203_164804-150x150.jpg 150w\" sizes=\"auto, (max-width: 100px) 100vw, 100px\" \/><\/a><p>Sledge hokej &#8211; reprezenta\u010dn\u00ed t\u00fdm Hr\u00e1\u010di: Brank\u00e1\u0159i: Michal V\u00e1penka (6), Jan Matou\u0161ek (17), Martin Kudela Obr\u00e1nci: Ji\u0159\u00ed Berger (10), Miroslav Hrbek (65), Pavel Kube\u0161 (29), David Moty\u010dka \u00dato\u010dn\u00edci: Michal Geier [&hellip;]<\/p>\n","protected":false},"author":1,"featured_media":24477,"parent":29646,"menu_order":0,"comment_status":"closed","ping_status":"closed","template":"","meta":{"ngg_post_thumbnail":0,"footnotes":""},"class_list":["post-4322","page","type-page","status-publish","has-post-thumbnail","hentry"],"_links":{"self":[{"href":"https:\/\/www.caths.cz\/wordpress\/wp-json\/wp\/v2\/pages\/4322","targetHints":{"allow":["GET"]}}],"collection":[{"href":"https:\/\/www.caths.cz\/wordpress\/wp-json\/wp\/v2\/pages"}],"about":[{"href":"https:\/\/www.caths.cz\/wordpress\/wp-json\/wp\/v2\/types\/page"}],"author":[{"embeddable":true,"href":"https:\/\/www.caths.cz\/wordpress\/wp-json\/wp\/v2\/users\/1"}],"replies":[{"embeddable":true,"href":"https:\/\/www.caths.cz\/wordpress\/wp-json\/wp\/v2\/comments?post=4322"}],"version-history":[{"count":4,"href":"https:\/\/www.caths.cz\/wordpress\/wp-json\/wp\/v2\/pages\/4322\/revisions"}],"predecessor-version":[{"id":24479,"href":"https:\/\/www.caths.cz\/wordpress\/wp-json\/wp\/v2\/pages\/4322\/revisions\/24479"}],"up":[{"embeddable":true,"href":"https:\/\/www.caths.cz\/wordpress\/wp-json\/wp\/v2\/pages\/29646"}],"wp:featuredmedia":[{"embeddable":true,"href":"https:\/\/www.caths.cz\/wordpress\/wp-json\/wp\/v2\/media\/24477"}],"wp:attachment":[{"href":"https:\/\/www.caths.cz\/wordpress\/wp-json\/wp\/v2\/media?parent=4322"}],"curies":[{"name":"wp","href":"https:\/\/api.w.org\/{rel}","templated":true}]}}