{"id":4317,"date":"2014-12-28T22:10:59","date_gmt":"2014-12-28T21:10:59","guid":{"rendered":"http:\/\/www.caths.cz\/wordpress\/?page_id=4317"},"modified":"2022-03-05T22:21:22","modified_gmt":"2022-03-05T21:21:22","slug":"plavani","status":"publish","type":"page","link":"https:\/\/www.caths.cz\/wordpress\/sporty\/archiv\/plavani\/","title":{"rendered":"Plav\u00e1n\u00ed"},"content":{"rendered":"<h4><span style=\"color: #0066cc;\">Reprezentace:<\/span><\/h4>\n<p><strong>Reprezenta\u010dn\u00ed team A:<br \/>\n<\/strong>Jan Pov\u00fd\u0161il (S5)<\/p>\n<p><strong>Realiza\u010dn\u00ed team:<\/strong><br \/>\nAndrea V\u011bnsekov\u00e1 &#8211; reprezenta\u010dn\u00ed tren\u00e9rka<br \/>\nMartin B\u0159enda \u2013 asistent tren\u00e9ra<\/p>\n<hr \/>\n<h4><b><span style=\"color: #0066cc;\">Profily reprezentant\u016f:<\/span><\/b><\/h4>\n<p>&nbsp;<\/p>\n<p><img decoding=\"async\" src=\"http:\/\/www.caths.cz\/image\/profily\/povysil_profil.jpg\" alt=\"\" \/><br \/>\n<strong>JM\u00c9NO: \u00a0\u00a0 <span style=\"color: #0066cc;\">JAN POV\u00dd\u0160IL<\/span><\/strong><br \/>\n<strong>NAROZEN\/A: \u00a0\u00a0 <\/strong>1982<br \/>\n<strong>ZAM\u011aSTN\u00c1N\u00cd: \u00a0\u00a0 <\/strong>plavec a fotograf<br \/>\n<strong>STAV\/D\u011aTI: \u00a0\u00a0 <\/strong>svobodn\u00fd\/ 1 d\u00edt\u011b<br \/>\n<strong>KON\u00cd\u010cKY: \u00a0\u00a0 <\/strong>fotografie, plav\u00e1n\u00ed, sport v\u0161eobecn\u011b,film, literatura(fantasy a sci-fi), historie<br \/>\n<strong>SPORT: \u00a0\u00a0<\/strong>plav\u00e1n\u00ed<br \/>\n<strong>DISCIPL\u00cdNA\/Y: \u00a0\u00a0 <\/strong>50,100,200m voln\u00fd zp\u016fsob<br \/>\n<strong>KATEGORIE: \u00a0\u00a0<\/strong>S 5<br \/>\n<strong>SPORTUJI OD ROKU: \u00a0\u00a0 <\/strong>1988 a 1998<br \/>\n<strong>NEJV\u011aT\u0160\u00cd \u00daSP\u011aCHY: \u00a0\u00a0 <\/strong><\/p>\n<ul>\n<li>2000 Sydney PH \u2013 bronz 100m volny zp\u016fsob<\/li>\n<li>2001 Stockholm ME \u2013 3 st\u0159\u00edbrn\u00e9 50,100,200m voln\u00fd zp\u016fsob<\/li>\n<li>2002 Mar del Plata (Arg.) \u2013 bronz 50m mot\u00fdl<\/li>\n<li>2006 Durban(JAR) \u2013 dvakr\u00e1t bronz 50m znak, 100m voln\u00fd zp\u016fsob<\/li>\n<li>2008 LPH Peking &#8211; 3 bronzov\u00e9 medaile &#8211; 50 m, 100 m, 200 m VZ<\/li>\n<li>2012 LPH Lond\u00fdn &#8211; bronz 50 m VZ<\/li>\n<li>2017 MS Mexico &#8211; zlato 50 m VZ, st\u0159\u00edbro polohov\u00fd z\u00e1vod 150 m, bronz 50 znak<\/li>\n<\/ul>\n<p><strong>TREN\u00c9R: \u00a0\u00a0 <\/strong>Jaroslava Passerov\u00e1, Andrea V\u011bnsekov\u00e1<\/p>\n","protected":false},"excerpt":{"rendered":"<a href=\"https:\/\/www.caths.cz\/wordpress\/sporty\/archiv\/plavani\/\"><img loading=\"lazy\" decoding=\"async\" width=\"100\" height=\"100\" src=\"https:\/\/www.caths.cz\/wordpress\/wp-content\/plugins\/thumbnail-for-excerpts\/tfe_no_thumb.png\" class=\"alignleft wp-post-image tfe\" alt=\"\" title=\"\" \/><\/a><p>Reprezentace: Reprezenta\u010dn\u00ed team A: Jan Pov\u00fd\u0161il (S5) Realiza\u010dn\u00ed team: Andrea V\u011bnsekov\u00e1 &#8211; reprezenta\u010dn\u00ed tren\u00e9rka Martin B\u0159enda \u2013 asistent tren\u00e9ra Profily reprezentant\u016f: &nbsp; JM\u00c9NO: \u00a0\u00a0 JAN POV\u00dd\u0160IL NAROZEN\/A: \u00a0\u00a0 1982 ZAM\u011aSTN\u00c1N\u00cd: [&hellip;]<\/p>\n","protected":false},"author":1,"featured_media":0,"parent":29646,"menu_order":0,"comment_status":"closed","ping_status":"closed","template":"","meta":{"ngg_post_thumbnail":0,"footnotes":""},"class_list":["post-4317","page","type-page","status-publish","hentry"],"_links":{"self":[{"href":"https:\/\/www.caths.cz\/wordpress\/wp-json\/wp\/v2\/pages\/4317","targetHints":{"allow":["GET"]}}],"collection":[{"href":"https:\/\/www.caths.cz\/wordpress\/wp-json\/wp\/v2\/pages"}],"about":[{"href":"https:\/\/www.caths.cz\/wordpress\/wp-json\/wp\/v2\/types\/page"}],"author":[{"embeddable":true,"href":"https:\/\/www.caths.cz\/wordpress\/wp-json\/wp\/v2\/users\/1"}],"replies":[{"embeddable":true,"href":"https:\/\/www.caths.cz\/wordpress\/wp-json\/wp\/v2\/comments?post=4317"}],"version-history":[{"count":4,"href":"https:\/\/www.caths.cz\/wordpress\/wp-json\/wp\/v2\/pages\/4317\/revisions"}],"predecessor-version":[{"id":27077,"href":"https:\/\/www.caths.cz\/wordpress\/wp-json\/wp\/v2\/pages\/4317\/revisions\/27077"}],"up":[{"embeddable":true,"href":"https:\/\/www.caths.cz\/wordpress\/wp-json\/wp\/v2\/pages\/29646"}],"wp:attachment":[{"href":"https:\/\/www.caths.cz\/wordpress\/wp-json\/wp\/v2\/media?parent=4317"}],"curies":[{"name":"wp","href":"https:\/\/api.w.org\/{rel}","templated":true}]}}