{"id":4315,"date":"2014-12-28T22:10:36","date_gmt":"2014-12-28T21:10:36","guid":{"rendered":"http:\/\/www.caths.cz\/wordpress\/?page_id=4315"},"modified":"2022-03-05T22:21:05","modified_gmt":"2022-03-05T21:21:05","slug":"jezdectvi","status":"publish","type":"page","link":"https:\/\/www.caths.cz\/wordpress\/sporty\/archiv\/jezdectvi\/","title":{"rendered":"Jezdectv\u00ed"},"content":{"rendered":"<p><strong><span style=\"color: #0000ff;\">Kontakty sportovn\u00ed sekce jezdectv\u00ed \u010cATHS:<\/span><\/strong><br \/>\nRenata Hab\u00e1skov\u00e1, email:\u00a0<a href=\"mailto:renata.habaskova@jkronex.cz\">renata.habaskova@jkronex.cz<\/a><\/p>\n<h4><span style=\"color: #0000ff;\">Reprezentace:<\/span><\/h4>\n<p><a href=\"http:\/\/www.caths.cz\/wordpress\/wp-content\/uploads\/2014\/12\/FOTO-Vi\u0161talov\u00e1_web.jpg\"><img loading=\"lazy\" decoding=\"async\" class=\"alignnone size-full wp-image-27089\" src=\"http:\/\/www.caths.cz\/wordpress\/wp-content\/uploads\/2014\/12\/FOTO-Vi\u0161talov\u00e1_web.jpg\" alt=\"FOTO - Vi\u0161talov\u00e1_web\" width=\"288\" height=\"224\" srcset=\"https:\/\/www.caths.cz\/wordpress\/wp-content\/uploads\/2014\/12\/FOTO-Vi\u0161talov\u00e1_web.jpg 288w, https:\/\/www.caths.cz\/wordpress\/wp-content\/uploads\/2014\/12\/FOTO-Vi\u0161talov\u00e1_web-120x93.jpg 120w\" sizes=\"auto, (max-width: 288px) 100vw, 288px\" \/><\/a><\/p>\n<p><strong>Jm\u00e9no, p\u0159\u00edjmen\u00ed:<\/strong> Anastasja Vi\u0161talov\u00e1<br \/>\n<strong>Rok narozen\u00ed: <\/strong>25.3.1995<br \/>\n<strong>Klub:<\/strong> Jezdeck\u00fd klub Ronex, z.s.<br \/>\n<strong>T\u0159\u00edda:<\/strong> Grade I.<br \/>\n<strong>Kon\u00ed\u010dky:<\/strong> \u010cten\u00ed a psan\u00ed recenz\u00ed, Sledov\u00e1n\u00ed film\u016f, cestov\u00e1n\u00ed, tr\u00e1ven\u00ed \u010dasu s\u00a0rodinou a kamar\u00e1dy<br \/>\n<strong>Nejv\u011bt\u0161\u00ed \u00fasp\u011bchy: <\/strong>13. m\u00edsto z\u00a026. jezdc\u016f na LPH v\u00a0Riu 2016, 1. m\u00edsto na CPEDI3* v\u00a0Genemuiden 2016, 6x mistryn\u011b \u010cR<\/p>\n<p><strong>V\u00fdsledky 2018: <\/strong>Titul jezdec roku 2018, klisna Dominique zvolena \u201eNutrihorse k\u016f\u0148 roku 2018\u201c<br \/>\n<span style=\"text-decoration: underline;\">CPEDI 3* Kralovice <\/span><\/p>\n<ul>\n<li>Team test 2. m\u00edsto<\/li>\n<li>Individual test 2. m\u00edsto<\/li>\n<li>Free style fin\u00e1le test 2. m\u00edsto<\/li>\n<\/ul>\n<p><span style=\"text-decoration: underline;\">CPEDI 3* Stadl Paura <\/span><\/p>\n<ul>\n<li>Free style fin\u00e1le pro 7. nejlep\u0161\u00edch (z p\u016fvodn\u00edch 9. startuj\u00edc\u00edch) 2. m\u00edsto<\/li>\n<\/ul>\n<p><span style=\"text-decoration: underline;\">M\u010cR Kralovice <\/span><\/p>\n<ul>\n<li>Titul mistryn\u011b \u010cR v\u00a0kategorii Grade I., II., III. + celkov\u00e1 v\u00edt\u011bzka mezin\u00e1rodn\u00ed sout\u011b\u017ee<\/li>\n<\/ul>\n<p><span style=\"text-decoration: underline;\">CPRDI3* Mannheim <\/span><\/p>\n<ul>\n<li>2x 2. m\u00edsto a jednou 3. m\u00edsto<\/li>\n<\/ul>\n<p><span style=\"color: #0000ff;\"><strong>Realiza\u010dn\u00ed t\u00fdm:<\/strong><\/span><br \/>\nTren\u00e9r: Renata Hab\u00e1skov\u00e1<br \/>\nO\u0161et\u0159ovatel kon\u011b a p\u0159edjezdec: Michaela Hab\u00e1skov\u00e1<br \/>\nAsistent: Olga Vi\u0161talov\u00e1<\/p>\n<p><a href=\"http:\/\/www.caths.cz\/wordpress\/wp-content\/uploads\/2017\/08\/20986605_797886353717712_1496663530_n.jpg\"><img loading=\"lazy\" decoding=\"async\" class=\"alignnone size-full wp-image-24543\" src=\"http:\/\/www.caths.cz\/wordpress\/wp-content\/uploads\/2017\/08\/20986605_797886353717712_1496663530_n.jpg\" alt=\"20986605_797886353717712_1496663530_n\" width=\"960\" height=\"720\" srcset=\"https:\/\/www.caths.cz\/wordpress\/wp-content\/uploads\/2017\/08\/20986605_797886353717712_1496663530_n.jpg 960w, https:\/\/www.caths.cz\/wordpress\/wp-content\/uploads\/2017\/08\/20986605_797886353717712_1496663530_n-300x225.jpg 300w, https:\/\/www.caths.cz\/wordpress\/wp-content\/uploads\/2017\/08\/20986605_797886353717712_1496663530_n-120x90.jpg 120w\" sizes=\"auto, (max-width: 960px) 100vw, 960px\" \/><\/a><\/p>\n<p>P\u00e1r slov o paradrezu\u0159e:<\/p>\n<p><em>Paradrezura je drezura pro handicapovan\u00e9 jezdce a drezura je klasick\u00e1 jezdeck\u00e1 discipl\u00edna, kdy jezdec p\u0159edv\u00e1d\u00ed se sv\u00fdm kon\u011bm p\u0159edem danou \u00falohu na obd\u00e9ln\u00edku 20\u00d740 nebo 20x60m po jeho\u017e obvodu je um\u00edst\u011bno 8-12 p\u00edsmen. Drezurn\u00ed \u00faloha obsahuje ur\u010dit\u00fd po\u010det cvik\u016f a jejich obt\u00ed\u017enost je dan\u00e1 stupn\u011bm v\u00fdcviku \u2013 od\u00a0 z\u00e1kladn\u00ed\u00a0 obt\u00ed\u017enosti pro za\u010d\u00ednaj\u00edc\u00ed kon\u011b nebo jezdce po velmi t\u011b\u017ekou obt\u00ed\u017enost pro ty nejzku\u0161en\u011bj\u0161\u00ed dvojice.\u00a0\u00a0 \u00dalohu hodnot\u00ed 3-5 rozhod\u010d\u00edch, kte\u0159\u00ed jednotliv\u00e9 cviky hodnot\u00ed zn\u00e1mkami od 0 do 10, kdy 10 je zn\u00e1mka nejlep\u0161\u00ed. Celkov\u00fd v\u00fdkon je d\u00e1n sou\u010dtem v\u0161ech zn\u00e1mek a uv\u00e1d\u00ed se obvykle v\u00a0procentech. Velmi obl\u00edbenou sout\u011b\u017e\u00ed jsou voln\u00e9 sestavy na hudbu, kdy jezdci mus\u00ed v\u00a0\u010dasov\u00e9m limitu p\u0159edv\u00e9st p\u0159edepsan\u00e9 cviky, ale mohou je se\u0159adit a doplnit podle vlastn\u00edho uv\u00e1\u017een\u00ed.<\/em><\/p>\n<p>&nbsp;<\/p>\n","protected":false},"excerpt":{"rendered":"<a href=\"https:\/\/www.caths.cz\/wordpress\/sporty\/archiv\/jezdectvi\/\"><img width=\"100\" height=\"100\" src=\"https:\/\/www.caths.cz\/wordpress\/wp-content\/uploads\/2014\/12\/FOTO-Vi\u0161talov\u00e1-100x100.jpg\" class=\"alignleft tfe wp-post-image\" alt=\"\" decoding=\"async\" loading=\"lazy\" srcset=\"https:\/\/www.caths.cz\/wordpress\/wp-content\/uploads\/2014\/12\/FOTO-Vi\u0161talov\u00e1-100x100.jpg 100w, https:\/\/www.caths.cz\/wordpress\/wp-content\/uploads\/2014\/12\/FOTO-Vi\u0161talov\u00e1-150x150.jpg 150w\" sizes=\"auto, (max-width: 100px) 100vw, 100px\" \/><\/a><p>Kontakty sportovn\u00ed sekce jezdectv\u00ed \u010cATHS: Renata Hab\u00e1skov\u00e1, email:\u00a0renata.habaskova@jkronex.cz Reprezentace: Jm\u00e9no, p\u0159\u00edjmen\u00ed: Anastasja Vi\u0161talov\u00e1 Rok narozen\u00ed: 25.3.1995 Klub: Jezdeck\u00fd klub Ronex, z.s. T\u0159\u00edda: Grade I. Kon\u00ed\u010dky: \u010cten\u00ed a psan\u00ed recenz\u00ed, Sledov\u00e1n\u00ed [&hellip;]<\/p>\n","protected":false},"author":1,"featured_media":27086,"parent":29646,"menu_order":0,"comment_status":"closed","ping_status":"closed","template":"","meta":{"ngg_post_thumbnail":0,"footnotes":""},"class_list":["post-4315","page","type-page","status-publish","has-post-thumbnail","hentry"],"_links":{"self":[{"href":"https:\/\/www.caths.cz\/wordpress\/wp-json\/wp\/v2\/pages\/4315","targetHints":{"allow":["GET"]}}],"collection":[{"href":"https:\/\/www.caths.cz\/wordpress\/wp-json\/wp\/v2\/pages"}],"about":[{"href":"https:\/\/www.caths.cz\/wordpress\/wp-json\/wp\/v2\/types\/page"}],"author":[{"embeddable":true,"href":"https:\/\/www.caths.cz\/wordpress\/wp-json\/wp\/v2\/users\/1"}],"replies":[{"embeddable":true,"href":"https:\/\/www.caths.cz\/wordpress\/wp-json\/wp\/v2\/comments?post=4315"}],"version-history":[{"count":7,"href":"https:\/\/www.caths.cz\/wordpress\/wp-json\/wp\/v2\/pages\/4315\/revisions"}],"predecessor-version":[{"id":27090,"href":"https:\/\/www.caths.cz\/wordpress\/wp-json\/wp\/v2\/pages\/4315\/revisions\/27090"}],"up":[{"embeddable":true,"href":"https:\/\/www.caths.cz\/wordpress\/wp-json\/wp\/v2\/pages\/29646"}],"wp:featuredmedia":[{"embeddable":true,"href":"https:\/\/www.caths.cz\/wordpress\/wp-json\/wp\/v2\/media\/27086"}],"wp:attachment":[{"href":"https:\/\/www.caths.cz\/wordpress\/wp-json\/wp\/v2\/media?parent=4315"}],"curies":[{"name":"wp","href":"https:\/\/api.w.org\/{rel}","templated":true}]}}