{"id":4311,"date":"2014-12-28T22:09:45","date_gmt":"2014-12-28T21:09:45","guid":{"rendered":"http:\/\/www.caths.cz\/wordpress\/?page_id=4311"},"modified":"2022-03-05T22:20:19","modified_gmt":"2022-03-05T21:20:19","slug":"hokej-stojicich","status":"publish","type":"page","link":"https:\/\/www.caths.cz\/wordpress\/sporty\/archiv\/hokej-stojicich\/","title":{"rendered":"Hokej stoj\u00edc\u00edch"},"content":{"rendered":"<h4><span style=\"color: #0066cc;\">Reprezentace:<\/span><\/h4>\n<p><strong>reprezenta\u010dn\u00ed t\u00fdm:<\/p>\n<p><\/strong>Richard Fojt\u00edk (brank\u00e1\u0159)<br \/>\nPavel R\u016f\u017ei\u010dka (brank\u00e1\u0159)<br \/>\nstanislav Grn\u00e1\u010d (brank\u00e1\u0159)<\/p>\n<p>Petr Ju\u0159ena (obr\u00e1nce) &#8222;C&#8220;<br \/>\nDalibor Pavelek (obr\u00e1nce)<br \/>\nV\u00e1clav Mrtka (obr\u00e1nce)<br \/>\nMiroslav Kluc (obr\u00e1nce)<br \/>\nKarel Dvo\u0159\u00e1k (obr\u00e1nce)<br \/>\nKarel Majzl\u00edk (obr\u00e1nce)<\/p>\n<p>Miroslav P\u0159ib\u00edk (\u00fato\u010dn\u00edk)<br \/>\nRoman Erben (\u00fato\u010dn\u00edk)<br \/>\nMartin Ot\u00e1hal (\u00fato\u010dn\u00edk) &#8222;A&#8220;<br \/>\nTom\u00e1\u0161 Stibor (\u00fato\u010dn\u00edk)<br \/>\nJosef Svoboda (\u00fato\u010dn\u00edk)<br \/>\nLadislav Bra\u017eina (\u00fato\u010dn\u00edk)<br \/>\nMartin Lacina (\u00fato\u010dn\u00edk)<br \/>\nJaroslav \u0160m\u00edd (\u00fato\u010dn\u00edk)<br \/>\nPavel Richter (\u00fato\u010dn\u00edk)<br \/>\nPavel Suda (\u00fato\u010dn\u00edk)<br \/>\nKarel Z\u00e1topek (\u00fato\u010dn\u00edk)<\/p>\n<p>hlavn\u00ed tren\u00e9r: Ji\u0159\u00ed G\u00e1la<br \/>\nasistent, technik: Vlastimil Tich\u00fd<br \/>\nmas\u00e9r, technik: Josef Wolf<\/p>\n<p><strong>realiza\u010dn\u00ed t\u00fdm:<\/p>\n<p><\/strong>p\u0159edseda: Miroslav Kluc<br \/>\nm\u00edstop\u0159edseda: Pavel R\u016f\u017ei\u010dka<br \/>\nm\u00edstop\u0159edseda: Petr Ju\u0159ena<br \/>\n\u010dlen: Ji\u0159\u00ed G\u00e1la<br \/>\n\u010dlen: Vlastimil Tich\u00fd<br \/>\n<img loading=\"lazy\" decoding=\"async\" src=\"http:\/\/www.caths.cz\/fotky_profily\/hokej.jpg\" alt=\"\" width=\"480\" height=\"222\" border=\"0\" \/><\/p>\n","protected":false},"excerpt":{"rendered":"<a href=\"https:\/\/www.caths.cz\/wordpress\/sporty\/archiv\/hokej-stojicich\/\"><img loading=\"lazy\" decoding=\"async\" width=\"100\" height=\"100\" src=\"https:\/\/www.caths.cz\/wordpress\/wp-content\/plugins\/thumbnail-for-excerpts\/tfe_no_thumb.png\" class=\"alignleft wp-post-image tfe\" alt=\"\" title=\"\" \/><\/a><p>Reprezentace: reprezenta\u010dn\u00ed t\u00fdm: Richard Fojt\u00edk (brank\u00e1\u0159) Pavel R\u016f\u017ei\u010dka (brank\u00e1\u0159) stanislav Grn\u00e1\u010d (brank\u00e1\u0159) Petr Ju\u0159ena (obr\u00e1nce) &#8222;C&#8220; Dalibor Pavelek (obr\u00e1nce) V\u00e1clav Mrtka (obr\u00e1nce) Miroslav Kluc (obr\u00e1nce) Karel Dvo\u0159\u00e1k (obr\u00e1nce) Karel Majzl\u00edk [&hellip;]<\/p>\n","protected":false},"author":1,"featured_media":0,"parent":29646,"menu_order":0,"comment_status":"closed","ping_status":"closed","template":"","meta":{"ngg_post_thumbnail":0,"footnotes":""},"class_list":["post-4311","page","type-page","status-publish","hentry"],"_links":{"self":[{"href":"https:\/\/www.caths.cz\/wordpress\/wp-json\/wp\/v2\/pages\/4311","targetHints":{"allow":["GET"]}}],"collection":[{"href":"https:\/\/www.caths.cz\/wordpress\/wp-json\/wp\/v2\/pages"}],"about":[{"href":"https:\/\/www.caths.cz\/wordpress\/wp-json\/wp\/v2\/types\/page"}],"author":[{"embeddable":true,"href":"https:\/\/www.caths.cz\/wordpress\/wp-json\/wp\/v2\/users\/1"}],"replies":[{"embeddable":true,"href":"https:\/\/www.caths.cz\/wordpress\/wp-json\/wp\/v2\/comments?post=4311"}],"version-history":[{"count":1,"href":"https:\/\/www.caths.cz\/wordpress\/wp-json\/wp\/v2\/pages\/4311\/revisions"}],"predecessor-version":[{"id":4312,"href":"https:\/\/www.caths.cz\/wordpress\/wp-json\/wp\/v2\/pages\/4311\/revisions\/4312"}],"up":[{"embeddable":true,"href":"https:\/\/www.caths.cz\/wordpress\/wp-json\/wp\/v2\/pages\/29646"}],"wp:attachment":[{"href":"https:\/\/www.caths.cz\/wordpress\/wp-json\/wp\/v2\/media?parent=4311"}],"curies":[{"name":"wp","href":"https:\/\/api.w.org\/{rel}","templated":true}]}}