{"id":4309,"date":"2014-12-28T22:09:02","date_gmt":"2014-12-28T21:09:02","guid":{"rendered":"http:\/\/www.caths.cz\/wordpress\/?page_id=4309"},"modified":"2022-03-05T22:22:41","modified_gmt":"2022-03-05T21:22:41","slug":"vzpirani","status":"publish","type":"page","link":"https:\/\/www.caths.cz\/wordpress\/sporty\/archiv\/vzpirani\/","title":{"rendered":"Vzp\u00edr\u00e1n\u00ed"},"content":{"rendered":"<h4><span style=\"color: #3366ff;\">Reprezentace:<strong>\u00a0<\/strong><\/span><\/h4>\n<p><span style=\"color: #3366ff;\"><strong>Mu\u017ei:<\/strong><\/span><\/p>\n<p>Nov\u00e1k Jakub<\/p>\n<p><span style=\"color: #3366ff;\"><strong>Realiza\u010dn\u00ed t\u00fdm:<\/strong><\/span><\/p>\n<p>1.Centrum zdravotn\u011b posti\u017een\u00fdch J\u010c, z. s., Vltavsk\u00e9 n\u00e1b\u0159e\u017e\u00ed 1545\/5a, \u010cesk\u00e9 Bud\u011bjovice, <a href=\"http:\/\/www.1czpjc.cz\">www.1czpjc.cz<\/a>, e-mail: czpcb@volny.cz<\/p>\n<p><span style=\"color: #3366ff;\"><strong>Profil reprezentanta:<\/strong><\/span><\/p>\n<p><a href=\"http:\/\/www.caths.cz\/wordpress\/wp-content\/uploads\/2014\/12\/benchpress_Nov\u00e1k-e1515752686457.jpg\"><img loading=\"lazy\" decoding=\"async\" class=\"alignnone size-full wp-image-25307\" src=\"http:\/\/www.caths.cz\/wordpress\/wp-content\/uploads\/2014\/12\/benchpress_Nov\u00e1k-e1515752686457.jpg\" alt=\"benchpress_Nov\u00e1k\" width=\"250\" height=\"188\" \/><\/a><\/p>\n<p><strong>JM\u00c9NO:\u00a0 \u00a0 \u00a0 \u00a0 \u00a0 \u00a0 \u00a0 \u00a0 \u00a0 \u00a0 \u00a0 \u00a0 \u00a0 \u00a0 \u00a0 \u00a0<\/strong>Jakub Nov\u00e1k<\/p>\n<p><strong>NAROZEN\/A:\u00a0\u00a0\u00a0\u00a0\u00a0\u00a0\u00a0\u00a0\u00a0\u00a0\u00a0\u00a0\u00a0\u00a0\u00a0\u00a0\u00a0\u00a0\u00a0\u00a0\u00a0<\/strong>1990<\/p>\n<p><strong>STAV\/D\u011aTI:\u00a0 \u00a0 \u00a0 \u00a0 \u00a0 \u00a0 \u00a0 \u00a0 \u00a0 \u00a0 \u00a0 \u00a0\u00a0<\/strong>svobodn\u00fd\/0<\/p>\n<p><strong>KON\u00cd\u010cKY:\u00a0\u00a0\u00a0\u00a0\u00a0\u00a0\u00a0\u00a0\u00a0\u00a0\u00a0\u00a0\u00a0\u00a0\u00a0\u00a0\u00a0\u00a0\u00a0\u00a0\u00a0\u00a0\u00a0\u00a0\u00a0 <\/strong>sport (aktivn\u011b i pasivn\u011b), veslov\u00e1n\u00ed<\/p>\n<p><strong>SPORT:\u00a0\u00a0\u00a0\u00a0\u00a0\u00a0\u00a0\u00a0\u00a0\u00a0\u00a0\u00a0\u00a0\u00a0\u00a0\u00a0\u00a0\u00a0\u00a0\u00a0\u00a0\u00a0\u00a0\u00a0\u00a0\u00a0\u00a0\u00a0\u00a0\u00a0\u00a0<\/strong>vzp\u00edr\u00e1n\u00ed<\/p>\n<p><strong>DISCIPL\u00cdNA\/Y:\u00a0 \u00a0 \u00a0 \u00a0 \u00a0 \u00a0 \u00a0 \u00a0 \u00a0\u00a0<\/strong>benchpress<\/p>\n<p><strong>KATEGORIE:\u00a0 \u00a0 \u00a0 \u00a0 \u00a0 \u00a0 \u00a0 \u00a0 \u00a0 \u00a0 \u00a0\u00a0<\/strong>v\u00e1hov\u00e1 kategorie do 67,5 \u2013 72 kg<\/p>\n<p><strong>SPORTUJI OD ROKU:\u00a0\u00a0\u00a0\u00a0\u00a0 <\/strong>2001<\/p>\n<p><strong>NEJV\u011aT\u0160\u00cd \u00daSP\u011aCHY:\u00a0\u00a0\u00a0\u00a0\u00a0 \u00a0\u00a0<\/strong>Mistr \u010cR v\u00a0benchpressu mu\u017e\u016f \u2013 \u010desk\u00fd rekord z\u00a0r. 2016 \u2013 135 kg<\/p>\n<p><strong>\u00a0<\/strong><\/p>\n<p><strong>TREN\u00c9R:\u00a0\u00a0\u00a0\u00a0\u00a0\u00a0\u00a0\u00a0\u00a0\u00a0\u00a0\u00a0\u00a0\u00a0\u00a0\u00a0\u00a0\u00a0\u00a0\u00a0\u00a0\u00a0\u00a0\u00a0\u00a0\u00a0\u00a0\u00a0 <\/strong>Ji\u0159\u00ed Sm\u00e9kal<\/p>\n<p><strong>SK\/TJ:\u00a0\u00a0\u00a0\u00a0\u00a0\u00a0\u00a0\u00a0\u00a0\u00a0\u00a0\u00a0\u00a0\u00a0\u00a0\u00a0\u00a0\u00a0\u00a0\u00a0\u00a0\u00a0\u00a0\u00a0\u00a0\u00a0\u00a0\u00a0\u00a0\u00a0\u00a0\u00a0\u00a0<\/strong>TJ 1. Centrum zdravotn\u011b posti\u017een\u00fdch J\u010c, z. s.<\/p>\n","protected":false},"excerpt":{"rendered":"<a href=\"https:\/\/www.caths.cz\/wordpress\/sporty\/archiv\/vzpirani\/\"><img width=\"100\" height=\"100\" src=\"https:\/\/www.caths.cz\/wordpress\/wp-content\/uploads\/2014\/12\/benchpress_Nov\u00e1k-100x100.jpg\" class=\"alignleft tfe wp-post-image\" alt=\"\" decoding=\"async\" loading=\"lazy\" srcset=\"https:\/\/www.caths.cz\/wordpress\/wp-content\/uploads\/2014\/12\/benchpress_Nov\u00e1k-100x100.jpg 100w, https:\/\/www.caths.cz\/wordpress\/wp-content\/uploads\/2014\/12\/benchpress_Nov\u00e1k-150x150.jpg 150w\" sizes=\"auto, (max-width: 100px) 100vw, 100px\" \/><\/a><p>Reprezentace:\u00a0 Mu\u017ei: Nov\u00e1k Jakub Realiza\u010dn\u00ed t\u00fdm: 1.Centrum zdravotn\u011b posti\u017een\u00fdch J\u010c, z. s., Vltavsk\u00e9 n\u00e1b\u0159e\u017e\u00ed 1545\/5a, \u010cesk\u00e9 Bud\u011bjovice, www.1czpjc.cz, e-mail: czpcb@volny.cz Profil reprezentanta: JM\u00c9NO:\u00a0 \u00a0 \u00a0 \u00a0 \u00a0 \u00a0 \u00a0 \u00a0 [&hellip;]<\/p>\n","protected":false},"author":1,"featured_media":25307,"parent":29646,"menu_order":0,"comment_status":"closed","ping_status":"closed","template":"","meta":{"ngg_post_thumbnail":0,"footnotes":""},"class_list":["post-4309","page","type-page","status-publish","has-post-thumbnail","hentry"],"_links":{"self":[{"href":"https:\/\/www.caths.cz\/wordpress\/wp-json\/wp\/v2\/pages\/4309","targetHints":{"allow":["GET"]}}],"collection":[{"href":"https:\/\/www.caths.cz\/wordpress\/wp-json\/wp\/v2\/pages"}],"about":[{"href":"https:\/\/www.caths.cz\/wordpress\/wp-json\/wp\/v2\/types\/page"}],"author":[{"embeddable":true,"href":"https:\/\/www.caths.cz\/wordpress\/wp-json\/wp\/v2\/users\/1"}],"replies":[{"embeddable":true,"href":"https:\/\/www.caths.cz\/wordpress\/wp-json\/wp\/v2\/comments?post=4309"}],"version-history":[{"count":7,"href":"https:\/\/www.caths.cz\/wordpress\/wp-json\/wp\/v2\/pages\/4309\/revisions"}],"predecessor-version":[{"id":25311,"href":"https:\/\/www.caths.cz\/wordpress\/wp-json\/wp\/v2\/pages\/4309\/revisions\/25311"}],"up":[{"embeddable":true,"href":"https:\/\/www.caths.cz\/wordpress\/wp-json\/wp\/v2\/pages\/29646"}],"wp:featuredmedia":[{"embeddable":true,"href":"https:\/\/www.caths.cz\/wordpress\/wp-json\/wp\/v2\/media\/25307"}],"wp:attachment":[{"href":"https:\/\/www.caths.cz\/wordpress\/wp-json\/wp\/v2\/media?parent=4309"}],"curies":[{"name":"wp","href":"https:\/\/api.w.org\/{rel}","templated":true}]}}