{"id":4305,"date":"2014-12-28T22:07:51","date_gmt":"2014-12-28T21:07:51","guid":{"rendered":"http:\/\/www.caths.cz\/wordpress\/?page_id=4305"},"modified":"2022-03-05T22:21:43","modified_gmt":"2022-03-05T21:21:43","slug":"sjezdove-lyzovani","status":"publish","type":"page","link":"https:\/\/www.caths.cz\/wordpress\/sporty\/archiv\/sjezdove-lyzovani\/","title":{"rendered":"Sjezdov\u00e9 ly\u017eov\u00e1n\u00ed"},"content":{"rendered":"<h4><span style=\"color: #0000ff;\">Reprezentace:<\/span><\/h4>\n<p><strong><span style=\"color: #0000ff;\">realiza\u010dn\u00ed t\u00fdm:<\/span><br \/>\n<\/strong>Petra Syrov\u00e1tkov\u00e1 \u2013 vedouc\u00ed sekce a reprezenta\u010dn\u00ed tren\u00e9rka (<a href=\"mailto:petulap@seznam.cz\">petulap@seznam.cz<\/a>)<br \/>\nJakub Syrov\u00e1tka, Jan Pohanka, Dana Markov\u00e1 &#8211; asistenti tren\u00e9ra<br \/>\nMilo\u0161 Syrov\u00e1tka \u2013 servisman, tren\u00e9r<\/p>\n<p><strong><span style=\"color: #0000ff;\">reprezenta\u010dn\u00ed t\u00fdm :<\/span><br \/>\n<\/strong>A t\u00fdm :<br \/>\nPetr Draho\u0161 &#8211; kategorie sed\u00edc\u00ed (monoski) LW 12-2<br \/>\nMiroslav Lidinsk\u00fd &#8211; kategorie sed\u00edc\u00ed LW4<\/p>\n<p><em>Od roku 2018 je reprezentace zabezpe\u010dov\u00e1na \u010cesk\u00fdm svazem ly\u017ea\u0159\u016f. \u010cATHS spolupracuje s reprezenta\u010dn\u00edm t\u00fdmem v oblasti administrativn\u00edho zaji\u0161t\u011bn\u00ed, zap\u016fj\u010dov\u00e1n\u00ed svazov\u00e9ho vozidla a materi\u00e1ln\u00edho vybaven\u00ed.<\/em><\/p>\n<p>&nbsp;<\/p>\n<p><strong>Partne\u0159i reprezentace:<\/strong><\/p>\n<p><img loading=\"lazy\" decoding=\"async\" class=\"\" src=\"http:\/\/www.caths.cz\/image\/k_clankum\/sponzori-sjezdove2014.jpg\" alt=\"\" width=\"439\" height=\"61\" border=\"0\" \/>\u00a0<a href=\"http:\/\/www.caths.cz\/wordpress\/wp-content\/uploads\/2014\/12\/SCOTT.jpg\"><img loading=\"lazy\" decoding=\"async\" class=\"alignnone  wp-image-22456\" src=\"http:\/\/www.caths.cz\/wordpress\/wp-content\/uploads\/2014\/12\/SCOTT.jpg\" alt=\"SCOTT\" width=\"181\" height=\"64\" srcset=\"https:\/\/www.caths.cz\/wordpress\/wp-content\/uploads\/2014\/12\/SCOTT.jpg 255w, https:\/\/www.caths.cz\/wordpress\/wp-content\/uploads\/2014\/12\/SCOTT-120x42.jpg 120w\" sizes=\"auto, (max-width: 181px) 100vw, 181px\" \/><\/a><a href=\"http:\/\/www.caths.cz\/wordpress\/wp-content\/uploads\/2014\/12\/logo-lusti.jpg\"><img loading=\"lazy\" decoding=\"async\" class=\"alignnone size-full wp-image-22496\" src=\"http:\/\/www.caths.cz\/wordpress\/wp-content\/uploads\/2014\/12\/logo-lusti.jpg\" alt=\"logo lusti\" width=\"163\" height=\"27\" srcset=\"https:\/\/www.caths.cz\/wordpress\/wp-content\/uploads\/2014\/12\/logo-lusti.jpg 163w, https:\/\/www.caths.cz\/wordpress\/wp-content\/uploads\/2014\/12\/logo-lusti-120x20.jpg 120w\" sizes=\"auto, (max-width: 163px) 100vw, 163px\" \/><\/a><\/p>\n<ul>\n<li><strong><a href=\"http:\/\/ostyle.cz\/index.php\/\"><span style=\"color: #0066cc;\">O\u00b4STYLE<\/span><\/a><\/strong><\/li>\n<li><strong><a href=\"http:\/\/www.holmenkolwax.cz\/\"><span style=\"color: #0066cc;\">HOLMENKOLwax<\/span><\/a><\/strong><\/li>\n<li><strong><a href=\"http:\/\/www.eurogripp.cz\/\"><span style=\"color: #0066cc;\">EUROGRIPP<\/span><\/a><\/strong><\/li>\n<li><a href=\"http:\/\/www.scott-sports.com\/cz\/cs\/\"><strong><span style=\"color: #0066cc;\">SCOTT<\/span><\/strong><\/a><\/li>\n<li><a href=\"http:\/\/www.lusti.cz\"><strong><span style=\"color: #0066cc;\">LUSTI<\/span><\/strong><\/a><\/li>\n<\/ul>\n<hr \/>\n<h4><b><span style=\"color: #0066cc;\">Profily reprezentant\u016f:<\/span><\/b><\/h4>\n<p>Do roku 2017:<\/p>\n<p><img decoding=\"async\" src=\"http:\/\/www.caths.cz\/image\/profily\/jelinek_profil.jpg\" alt=\"\" \/><br \/>\n<strong>JM\u00c9NO: \u00a0\u00a0 <span style=\"color: #0066cc;\">OLD\u0158ICH JEL\u00cdNEK<\/span><\/strong><br \/>\n<strong>NAROZEN\/A: \u00a0\u00a0 <\/strong>1.11.1968<br \/>\n<strong>ZAM\u011aSTN\u00c1N\u00cd: \u00a0\u00a0 <\/strong>invalidn\u00ed d\u016fchodce<br \/>\n<strong>VZD\u011aL\u00c1N\u00cd: \u00a0\u00a0 <\/strong>SP\u0160 stavebn\u00ed<br \/>\n<strong>P\u0158\u00cd\u010cINA HANDICAPU: \u00a0\u00a0 <\/strong>autonehoda &#8211; paraplegie<br \/>\n<strong>STAV\/D\u011aTI: \u00a0\u00a0 <\/strong>rozveden\u00fd\/bezd\u011btn\u00fd<br \/>\n<strong>KON\u00cd\u010cKY: \u00a0\u00a0 <\/strong>cyklistika, turistika<br \/>\n<strong>SPORT: \u00a0\u00a0<\/strong>alpsk\u00e9 ly\u017eov\u00e1n\u00ed<br \/>\n<strong>DISCIPL\u00cdNA\/Y: \u00a0\u00a0 <\/strong>SG, super kombinace, slalom, ob\u0159\u00ed slalom<br \/>\n<strong>KATEGORIE: \u00a0\u00a0<\/strong>LW 10-1<br \/>\n<strong>SPORTUJI OD ROKU: \u00a0\u00a0 <\/strong>2002<br \/>\n<strong>NEJV\u011aT\u0160\u00cd \u00daSP\u011aCHY: \u00a0\u00a0 <\/strong><\/p>\n<ul>\n<li>MS 2009 \u2013 17.m\u00edsto superkombinace<\/li>\n<li>MM\u010cR 2009 \u2013 1.m\u00edsto slalom, SC<\/li>\n<li>Mistrovstv\u00ed Rakouska 2009 \u2013 2.m\u00edsto SC, 3.m\u00edto SG<\/li>\n<li>Fin\u00e1le EP 2009 Jasn\u00e1 \u2013 8.m\u00edsto slalom<\/li>\n<li>EP 2010 Pitztal \u2013 3.m\u00edsto SG<\/li>\n<\/ul>\n<p><strong>V\u00ddSLEDKY V SEZ\u00d3N\u011a 2012\/2013: \u00a0\u00a0 <\/strong><\/p>\n<ul>\n<li>2. a 4. m\u00edsto ve slalomu IPC v Laandgraafu<\/li>\n<li>7. m\u00edsto v ob\u0159\u00edm slalomu EC v Pitztalu<\/li>\n<li>2.m\u00edsto v SG, 4. m\u00edsto v SC a 6. m\u00edsto v ob\u0159\u00edm slalomu na mistrovstv\u00ed Rakouska<\/li>\n<li>16. m\u00edsto v SG a 12. m\u00edsto v ob\u0159\u00edm slalomu na MS v La Molin\u011b (splnil nomina\u010dn\u00ed krit\u00e9ria \u010cPV na zimn\u00ed paralympijsk\u00e9 hry v Sochi)<\/li>\n<\/ul>\n<p><strong>TREN\u00c9R: \u00a0\u00a0 <\/strong>Petra Syrov\u00e1tkov\u00e1<br \/>\n<strong>SK\/TJ: \u00a0\u00a0 <\/strong>SKV Praha<\/p>\n<p align=\"justify\">Old\u0159ich je na voz\u00edku od roku 1999 a ji\u017e od roku 2002 se piln\u011b v\u011bnuje sjezdov\u00e9mu ly\u017eov\u00e1n\u00ed. V sezon\u011b 2005\/06 se z\u00fa\u010dastnil sv\u00fdch prvn\u00edch mezin\u00e1rodn\u00edch z\u00e1vod\u016f a postupn\u00fdmi kroky se v sezon\u011b 2008\/09 dostal do reprezentace. Od t\u00e9 doby se \u00fa\u010dastn\u00ed vrcholn\u00fdch z\u00e1vod\u016f Evropsk\u00e9ho a Sv\u011btov\u00e9ho poh\u00e1ru. Old\u0159ich m\u00e1 za sebou \u0159adu cenn\u00fdch \u00fasp\u011bch\u016f, nap\u0159. 17. m\u00edsto na MS v Koreji 2009, d\u00e1le je trojn\u00e1sobn\u00fd mistr \u010cR v sezon\u00e1ch 2009 a 2011. V dal\u0161\u00edch letech se mistrovstv\u00ed \u010cR nekonalo. Z\u00fa\u010dastnil se zimn\u00edch paralympijsk\u00fdch her ve Vancouveru. V roce 2010 se jako prvn\u00ed voz\u00ed\u010dk\u00e1\u0159 z \u010cR um\u00edstil v z\u00e1vod\u011b Evropsk\u00e9ho poh\u00e1ru na stupn\u00edch v\u00edt\u011bz\u016f, a to rakousk\u00e9m Pitztalu v superob\u0159\u00edm slalomu. V sou\u010dasn\u00e9 dob\u011b je z aktivn\u00edch z\u00e1vodn\u00edk\u016f v alpsk\u00e9m ly\u017eov\u00e1n\u00ed v mezin\u00e1rodn\u00ed konkurenci z \u010cR bodov\u011b nejv\u00fd\u0161e.<\/p>\n<hr \/>\n<p><img decoding=\"async\" src=\"http:\/\/www.caths.cz\/image\/profily\/krenova_profil.jpg\" alt=\"\" \/><br \/>\n<strong>JM\u00c9NO: \u00a0\u00a0 <span style=\"color: #0066cc;\">KRIST\u00ddNA K\u0158ENOV\u00c1<\/span><\/strong><br \/>\n<strong>NAROZEN\/A: \u00a0\u00a0 <\/strong>3.6.1992<br \/>\n<strong>KATEGORIE: \u00a0\u00a0<\/strong>monoski<\/p>\n<p align=\"justify\">Krist\u00fdna za\u010dala s v\u00fdkonnostn\u00edm ly\u017eov\u00e1n\u00edm v sez\u00f3n\u011b 2011 v t\u00fdmu Sportability. Zat\u00edm sb\u00edr\u00e1 z\u00e1vodn\u00ed zku\u0161enosti, ale u\u017e m\u00e1 na kont\u011b tak\u00e9 medailov\u00e9 \u00fasp\u011bchy z mezin\u00e1rodn\u00edch z\u00e1vod\u016f a je v \u0161ir\u0161\u00edm v\u00fdb\u011bru reprezentace \u010cATHS. V\u00fdkonnostn\u011b ud\u011blala v lo\u0148sk\u00e9m roce velk\u00fd skok a jej\u00edm c\u00edlem pro nadch\u00e1zej\u00edc\u00ed sez\u00f3nu je dostat se pod hranici 250 IPCAS bod\u016f pro \u00fa\u010dast v Evropsk\u00fdch poh\u00e1rech.<\/p>\n<p><strong>V\u00ddSLEDKY V SEZ\u00d3N\u011a 2012\/2013: \u00a0\u00a0 <\/strong><\/p>\n<ul>\n<li>3. m\u00edsto &#8211; slalom IPC v Laandgraaf<\/li>\n<li>6. m\u00edsto &#8211; ob\u0159\u00ed slalom IPCAS v Pitztal<\/li>\n<li>3. a 5. m\u00edsto &#8211; slalom IPCAS v Rinn<\/li>\n<\/ul>\n<p><img decoding=\"async\" src=\"http:\/\/www.caths.cz\/image\/profily\/prezentace_lyzovani.jpg\" alt=\"\" \/><\/p>\n","protected":false},"excerpt":{"rendered":"<a href=\"https:\/\/www.caths.cz\/wordpress\/sporty\/archiv\/sjezdove-lyzovani\/\"><img width=\"100\" height=\"100\" src=\"https:\/\/www.caths.cz\/wordpress\/wp-content\/uploads\/2014\/12\/O-K-100x100.jpg\" class=\"alignleft tfe wp-post-image\" alt=\"\" decoding=\"async\" loading=\"lazy\" srcset=\"https:\/\/www.caths.cz\/wordpress\/wp-content\/uploads\/2014\/12\/O-K-100x100.jpg 100w, https:\/\/www.caths.cz\/wordpress\/wp-content\/uploads\/2014\/12\/O-K-150x150.jpg 150w\" sizes=\"auto, (max-width: 100px) 100vw, 100px\" \/><\/a><p>Reprezentace: realiza\u010dn\u00ed t\u00fdm: Petra Syrov\u00e1tkov\u00e1 \u2013 vedouc\u00ed sekce a reprezenta\u010dn\u00ed tren\u00e9rka (petulap@seznam.cz) Jakub Syrov\u00e1tka, Jan Pohanka, Dana Markov\u00e1 &#8211; asistenti tren\u00e9ra Milo\u0161 Syrov\u00e1tka \u2013 servisman, tren\u00e9r reprezenta\u010dn\u00ed t\u00fdm : A [&hellip;]<\/p>\n","protected":false},"author":1,"featured_media":22454,"parent":29646,"menu_order":0,"comment_status":"closed","ping_status":"closed","template":"","meta":{"ngg_post_thumbnail":0,"footnotes":""},"class_list":["post-4305","page","type-page","status-publish","has-post-thumbnail","hentry"],"_links":{"self":[{"href":"https:\/\/www.caths.cz\/wordpress\/wp-json\/wp\/v2\/pages\/4305","targetHints":{"allow":["GET"]}}],"collection":[{"href":"https:\/\/www.caths.cz\/wordpress\/wp-json\/wp\/v2\/pages"}],"about":[{"href":"https:\/\/www.caths.cz\/wordpress\/wp-json\/wp\/v2\/types\/page"}],"author":[{"embeddable":true,"href":"https:\/\/www.caths.cz\/wordpress\/wp-json\/wp\/v2\/users\/1"}],"replies":[{"embeddable":true,"href":"https:\/\/www.caths.cz\/wordpress\/wp-json\/wp\/v2\/comments?post=4305"}],"version-history":[{"count":10,"href":"https:\/\/www.caths.cz\/wordpress\/wp-json\/wp\/v2\/pages\/4305\/revisions"}],"predecessor-version":[{"id":27079,"href":"https:\/\/www.caths.cz\/wordpress\/wp-json\/wp\/v2\/pages\/4305\/revisions\/27079"}],"up":[{"embeddable":true,"href":"https:\/\/www.caths.cz\/wordpress\/wp-json\/wp\/v2\/pages\/29646"}],"wp:featuredmedia":[{"embeddable":true,"href":"https:\/\/www.caths.cz\/wordpress\/wp-json\/wp\/v2\/media\/22454"}],"wp:attachment":[{"href":"https:\/\/www.caths.cz\/wordpress\/wp-json\/wp\/v2\/media?parent=4305"}],"curies":[{"name":"wp","href":"https:\/\/api.w.org\/{rel}","templated":true}]}}