{"id":32434,"date":"2026-01-14T11:27:14","date_gmt":"2026-01-14T10:27:14","guid":{"rendered":"https:\/\/www.caths.cz\/wordpress\/?page_id=32434"},"modified":"2026-04-21T08:36:05","modified_gmt":"2026-04-21T07:36:05","slug":"vyberova-rizeni","status":"publish","type":"page","link":"https:\/\/www.caths.cz\/wordpress\/vyberova-rizeni\/","title":{"rendered":"V\u00fdb\u011brov\u00e1 \u0159\u00edzen\u00ed"},"content":{"rendered":"\n<h2 class=\"wp-block-heading\">1) V\u00ddZVA POD\u00c1N\u00cd NAB\u00cdDKY NA VE\u0158EJNOU ZAK\u00c1ZKU MAL\u00c9HO ROZSAHU<\/h2>\n\n\n\n<h3 class=\"wp-block-heading\"><strong><em>Poskytov\u00e1n\u00ed slu\u017eeb cestovn\u00edho ruchu za \u00fa\u010delem v\u00fdjezdu handicapovan\u00fdch sportovc\u016f<\/em><\/strong><\/h3>\n\n\n\n<p><a href=\"https:\/\/www.caths.cz\/wordpress\/wp-content\/uploads\/2026\/04\/VYZVA-PODANI-NABIDKY-NA-VEREJNOU-ZAKAZKU-MALEHO-ROZSAHU_Pavlik_cistopis-1.pdf\" data-type=\"link\" data-id=\"https:\/\/www.caths.cz\/wordpress\/wp-content\/uploads\/2026\/04\/VYZVA-PODANI-NABIDKY-NA-VEREJNOU-ZAKAZKU-MALEHO-ROZSAHU_Pavlik_cistopis.pdf\">V\u00ddZVA POD\u00c1N\u00cd NAB\u00cdDKY NA VE\u0158EJNOU ZAK\u00c1ZKU MAL\u00c9HO ROZSAHU<\/a>: <strong><em><a href=\"https:\/\/www.caths.cz\/wordpress\/wp-content\/uploads\/2026\/04\/VYZVA-PODANI-NABIDKY-NA-VEREJNOU-ZAKAZKU-MALEHO-ROZSAHU_Pavlik_cistopis-1.pdf\" data-type=\"link\" data-id=\"https:\/\/www.caths.cz\/wordpress\/wp-content\/uploads\/2026\/04\/VYZVA-PODANI-NABIDKY-NA-VEREJNOU-ZAKAZKU-MALEHO-ROZSAHU_Pavlik_cistopis.pdf\" target=\"_blank\" rel=\"noreferrer noopener\">St\u00e1hnout<\/a><\/em><\/strong><\/p>\n\n\n\n<p>&#8211; p\u0159\u00edloha \u010d. 1 &#8211; <strong>kryc\u00ed list nab\u00eddky<\/strong>: <a href=\"https:\/\/www.caths.cz\/wordpress\/wp-content\/uploads\/2026\/04\/priloha-c.-1-kryci-list-nabidky.doc\" data-type=\"link\" data-id=\"https:\/\/www.caths.cz\/wordpress\/wp-content\/uploads\/2026\/04\/priloha-c.-1-kryci-list-nabidky.doc\" target=\"_blank\" rel=\"noreferrer noopener\"><strong><em>St\u00e1hnout<\/em><\/strong><\/a><\/p>\n\n\n\n<p>&#8211; p\u0159\u00edloha \u010d. 2 &#8211; <strong>r\u00e1mcov\u00e1 smlouva<\/strong>: <a href=\"https:\/\/www.caths.cz\/wordpress\/wp-content\/uploads\/2026\/04\/Priloha-c.-2-ramcova-smlouva.docx\" data-type=\"link\" data-id=\"https:\/\/www.caths.cz\/wordpress\/wp-content\/uploads\/2026\/04\/Priloha-c.-2-ramcova-smlouva.docx\"><strong><em>St\u00e1hnout<\/em><\/strong><\/a><\/p>\n\n\n\n<p>&#8211; p\u0159\u00edloha \u010d. 3 &#8211; <strong>\u010destn\u00e9 prohl\u00e1\u0161en\u00ed (z\u00e1kladn\u00ed zp\u016fsobilost)<\/strong>: <strong><em><a href=\"https:\/\/www.caths.cz\/wordpress\/wp-content\/uploads\/2026\/04\/Priloha-c.-3-cestne-prohlaseni-zakladni-zpusobilost.docx\" data-type=\"link\" data-id=\"https:\/\/www.caths.cz\/wordpress\/wp-content\/uploads\/2026\/04\/Priloha-c.-3-cestne-prohlaseni-zakladni-zpusobilost.docx\" target=\"_blank\" rel=\"noreferrer noopener\">St\u00e1hnout<\/a><\/em><\/strong><\/p>\n\n\n\n<p>&#8211; p\u0159\u00edloha \u010d. 4 &#8211; <strong>struktura nab\u00eddkov\u00e9 ceny<\/strong>: <strong><em><a href=\"https:\/\/www.caths.cz\/wordpress\/wp-content\/uploads\/2026\/04\/priloha-c.-4-Struktura-nabidkove-ceny.docx\" data-type=\"link\" data-id=\"https:\/\/www.caths.cz\/wordpress\/wp-content\/uploads\/2026\/04\/priloha-c.-4-Struktura-nabidkove-ceny.docx\" target=\"_blank\" rel=\"noreferrer noopener\">St\u00e1hnout<\/a><\/em><\/strong><\/p>\n\n\n\n<p>&#8211; p\u0159\u00edloha \u010d. 5 &#8211; <strong>\u010destn\u00e9 prohl\u00e1\u0161en\u00ed (pravdivost a \u00faplnost nab\u00eddky)<\/strong>: <a href=\"https:\/\/www.caths.cz\/wordpress\/wp-content\/uploads\/2026\/04\/Priloha-c.-5-cestne-prohlaseni-pravdivost-a-uplnost-nabidky.docx\" data-type=\"link\" data-id=\"https:\/\/www.caths.cz\/wordpress\/wp-content\/uploads\/2026\/04\/Priloha-c.-5-cestne-prohlaseni-pravdivost-a-uplnost-nabidky.docx\" target=\"_blank\" rel=\"noreferrer noopener\"><strong><em>St\u00e1hnout<\/em><\/strong><\/a><\/p>\n\n\n\n<p><\/p>\n","protected":false},"excerpt":{"rendered":"<a href=\"https:\/\/www.caths.cz\/wordpress\/vyberova-rizeni\/\"><img loading=\"lazy\" decoding=\"async\" width=\"100\" height=\"100\" src=\"https:\/\/www.caths.cz\/wordpress\/wp-content\/plugins\/thumbnail-for-excerpts\/tfe_no_thumb.png\" class=\"alignleft wp-post-image tfe\" alt=\"\" title=\"\" \/><\/a><p>1) V\u00ddZVA POD\u00c1N\u00cd NAB\u00cdDKY NA VE\u0158EJNOU ZAK\u00c1ZKU MAL\u00c9HO ROZSAHU Poskytov\u00e1n\u00ed slu\u017eeb cestovn\u00edho ruchu za \u00fa\u010delem v\u00fdjezdu handicapovan\u00fdch sportovc\u016f V\u00ddZVA POD\u00c1N\u00cd NAB\u00cdDKY NA VE\u0158EJNOU ZAK\u00c1ZKU MAL\u00c9HO ROZSAHU: St\u00e1hnout &#8211; p\u0159\u00edloha \u010d. [&hellip;]<\/p>\n","protected":false},"author":1,"featured_media":0,"parent":0,"menu_order":11,"comment_status":"closed","ping_status":"closed","template":"","meta":{"ngg_post_thumbnail":0,"footnotes":""},"class_list":["post-32434","page","type-page","status-publish","hentry"],"_links":{"self":[{"href":"https:\/\/www.caths.cz\/wordpress\/wp-json\/wp\/v2\/pages\/32434","targetHints":{"allow":["GET"]}}],"collection":[{"href":"https:\/\/www.caths.cz\/wordpress\/wp-json\/wp\/v2\/pages"}],"about":[{"href":"https:\/\/www.caths.cz\/wordpress\/wp-json\/wp\/v2\/types\/page"}],"author":[{"embeddable":true,"href":"https:\/\/www.caths.cz\/wordpress\/wp-json\/wp\/v2\/users\/1"}],"replies":[{"embeddable":true,"href":"https:\/\/www.caths.cz\/wordpress\/wp-json\/wp\/v2\/comments?post=32434"}],"version-history":[{"count":32,"href":"https:\/\/www.caths.cz\/wordpress\/wp-json\/wp\/v2\/pages\/32434\/revisions"}],"predecessor-version":[{"id":32597,"href":"https:\/\/www.caths.cz\/wordpress\/wp-json\/wp\/v2\/pages\/32434\/revisions\/32597"}],"wp:attachment":[{"href":"https:\/\/www.caths.cz\/wordpress\/wp-json\/wp\/v2\/media?parent=32434"}],"curies":[{"name":"wp","href":"https:\/\/api.w.org\/{rel}","templated":true}]}}