{"id":30410,"date":"2023-05-18T17:28:05","date_gmt":"2023-05-18T16:28:05","guid":{"rendered":"https:\/\/www.caths.cz\/wordpress\/?page_id=30410"},"modified":"2023-05-19T09:56:34","modified_gmt":"2023-05-19T08:56:34","slug":"ceske-rekordy-atletika","status":"publish","type":"page","link":"https:\/\/www.caths.cz\/wordpress\/sporty\/atletika\/ceske-rekordy-atletika\/","title":{"rendered":"\u010cesk\u00e9 rekordy &#8211; ATLETIKA"},"content":{"rendered":"\n<ul class=\"wp-block-list\"><li><a target=\"_blank\" href=\"http:\/\/www.atletikavozickaru.cz\/2020\/ceske%20rekordy\/CR_rekordy.pdf\" rel=\"noreferrer noopener\">\u010cesk\u00e9 rekordy voz\u00ed\u010dk\u00e1\u0159\u016f<\/a><\/li><li><a target=\"_blank\" href=\"http:\/\/www.atletikavozickaru.cz\/2020\/ceske%20rekordy\/CR_rekordy_S.pdf\" rel=\"noreferrer noopener\">\u010cesk\u00e9 rekordy spastik\u016f<\/a><\/li><li><a target=\"_blank\" href=\"http:\/\/www.atletikavozickaru.cz\/2020\/ceske%20rekordy\/CR_rekordy_ALL_Z.pdf\" rel=\"noreferrer noopener\">\u010cesk\u00e9 rekordy ALL &#8211; \u017dENY<\/a><\/li><li><a target=\"_blank\" href=\"http:\/\/www.atletikavozickaru.cz\/2020\/ceske%20rekordy\/CR_rekordy_ALL_M.pdf\" rel=\"noreferrer noopener\">\u010cesk\u00e9 rekordy ALL &#8211; MU\u017dI<\/a><\/li><li><a target=\"_blank\" href=\"https:\/\/www.paralympic.org\/athletics\/records\" rel=\"noreferrer noopener\">Sv\u011btov\u00e9 rekordy<\/a><\/li><\/ul>\n","protected":false},"excerpt":{"rendered":"<a href=\"https:\/\/www.caths.cz\/wordpress\/sporty\/atletika\/ceske-rekordy-atletika\/\"><img loading=\"lazy\" decoding=\"async\" width=\"100\" height=\"100\" src=\"https:\/\/www.caths.cz\/wordpress\/wp-content\/plugins\/thumbnail-for-excerpts\/tfe_no_thumb.png\" class=\"alignleft wp-post-image tfe\" alt=\"\" title=\"\" \/><\/a><p>\u010cesk\u00e9 rekordy voz\u00ed\u010dk\u00e1\u0159\u016f \u010cesk\u00e9 rekordy spastik\u016f \u010cesk\u00e9 rekordy ALL &#8211; \u017dENY \u010cesk\u00e9 rekordy ALL &#8211; MU\u017dI Sv\u011btov\u00e9 rekordy<\/p>\n","protected":false},"author":1,"featured_media":0,"parent":4301,"menu_order":0,"comment_status":"closed","ping_status":"closed","template":"","meta":{"ngg_post_thumbnail":0,"footnotes":""},"class_list":["post-30410","page","type-page","status-publish","hentry"],"_links":{"self":[{"href":"https:\/\/www.caths.cz\/wordpress\/wp-json\/wp\/v2\/pages\/30410","targetHints":{"allow":["GET"]}}],"collection":[{"href":"https:\/\/www.caths.cz\/wordpress\/wp-json\/wp\/v2\/pages"}],"about":[{"href":"https:\/\/www.caths.cz\/wordpress\/wp-json\/wp\/v2\/types\/page"}],"author":[{"embeddable":true,"href":"https:\/\/www.caths.cz\/wordpress\/wp-json\/wp\/v2\/users\/1"}],"replies":[{"embeddable":true,"href":"https:\/\/www.caths.cz\/wordpress\/wp-json\/wp\/v2\/comments?post=30410"}],"version-history":[{"count":2,"href":"https:\/\/www.caths.cz\/wordpress\/wp-json\/wp\/v2\/pages\/30410\/revisions"}],"predecessor-version":[{"id":30416,"href":"https:\/\/www.caths.cz\/wordpress\/wp-json\/wp\/v2\/pages\/30410\/revisions\/30416"}],"up":[{"embeddable":true,"href":"https:\/\/www.caths.cz\/wordpress\/wp-json\/wp\/v2\/pages\/4301"}],"wp:attachment":[{"href":"https:\/\/www.caths.cz\/wordpress\/wp-json\/wp\/v2\/media?parent=30410"}],"curies":[{"name":"wp","href":"https:\/\/api.w.org\/{rel}","templated":true}]}}