{"id":30272,"date":"2023-03-08T14:03:41","date_gmt":"2023-03-08T13:03:41","guid":{"rendered":"https:\/\/www.caths.cz\/wordpress\/?page_id=30272"},"modified":"2023-03-08T14:52:29","modified_gmt":"2023-03-08T13:52:29","slug":"seznam-treneru","status":"publish","type":"page","link":"https:\/\/www.caths.cz\/wordpress\/sporty\/atletika\/seznam-treneru\/","title":{"rendered":"Seznam tren\u00e9r\u016f"},"content":{"rendered":"\n<figure class=\"wp-block-table is-style-stripes\"><table><tbody><tr><td class=\"has-text-align-left\" data-align=\"left\">&nbsp;<\/td><td><strong>P\u0159ijmen\u00ed a jm\u00e9no<\/strong><\/td><td><strong>Odd\u00edl<\/strong><\/td><td><strong>T\u0159\u00edda<\/strong><\/td><td><strong>Registrace do<\/strong><\/td><\/tr><tr><td class=\"has-text-align-left\" data-align=\"left\">1<\/td><td>Kacanu Eva<\/td><td>Atletick\u00fd klub Olomouc z.s.<\/td><td>TAP+PARA<\/td><td>12\/31\/2026<\/td><\/tr><tr><td class=\"has-text-align-left\" data-align=\"left\">2<\/td><td>Sou\u010dkov\u00e1 Ane\u017eka<\/td><td>SK Kotl\u00e1\u0159ka Praha, z.s.<\/td><td>TAP+PARA<\/td><td>12\/31\/2026<\/td><\/tr><tr><td class=\"has-text-align-left\" data-align=\"left\">3<\/td><td>Mat\u011bj\u00e1kov\u00e1 Alena<\/td><td>AC Moravsk\u00e1 Slavia Brno, spolek<\/td><td>TAP+PARA<\/td><td>12\/31\/2024<\/td><\/tr><tr><td class=\"has-text-align-left\" data-align=\"left\">4<\/td><td>Hornov\u00e1 Lenka<\/td><td>Atletick\u00fd klub Olomouc z.s.<\/td><td>T\u017d<\/td><td>12\/31\/2024<\/td><\/tr><tr><td class=\"has-text-align-left\" data-align=\"left\">5<\/td><td>Morbitzerov\u00e1 Karol\u00edna<\/td><td>Atletick\u00fd klub Olomouc z.s.<\/td><td>TAP<\/td><td>12\/31\/2026<\/td><\/tr><tr><td class=\"has-text-align-left\" data-align=\"left\">6<\/td><td>Machov\u00e1 Iva<\/td><td>Atletick\u00fd klub Olomouc z.s.<\/td><td>2.<\/td><td>12\/31\/2024<\/td><\/tr><tr><td class=\"has-text-align-left\" data-align=\"left\">7<\/td><td>\u0160ebe\u010dkov\u00e1 Vendula<\/td><td>Atletick\u00fd klub Olomouc z.s.<\/td><td>3.<\/td><td>12\/31\/2026<\/td><\/tr><tr><td class=\"has-text-align-left\" data-align=\"left\">8<\/td><td>Hradil Martin<\/td><td>Atletick\u00fd klub Olomouc z.s.<\/td><td>TAP+PARA<\/td><td>12\/31\/2026<\/td><\/tr><tr><td class=\"has-text-align-left\" data-align=\"left\">9<\/td><td>E\u0161pandr Martin<\/td><td>TJ Sokol Praha Kr\u00e1lovsk\u00e9 Vinohrady<\/td><td>1.<\/td><td>12\/31\/2023<\/td><\/tr><tr><td class=\"has-text-align-left\" data-align=\"left\">10<\/td><td>E\u0161pandrov\u00e1 Anita<\/td><td>TJ Sokol Praha Kr\u00e1lovsk\u00e9 Vinohrady<\/td><td>2.<\/td><td>12\/31\/2026<\/td><\/tr><tr><td class=\"has-text-align-left\" data-align=\"left\">11<\/td><td>Machura Remigius<\/td><td>A. C. Sparta Praha<\/td><td>2.<\/td><td>12\/31\/2024<\/td><\/tr><tr><td class=\"has-text-align-left\" data-align=\"left\">12<\/td><td>Au\u0159edn\u00edkov\u00e1 Barbora<\/td><td>TJ Sokol Praha Kr\u00e1lovsk\u00e9 Vinohrady<\/td><td>T\u017d<\/td><td>12\/31\/2026<\/td><\/tr><tr><td class=\"has-text-align-left\" data-align=\"left\">13<\/td><td>Filip Josef<\/td><td>PSK Olymp Praha, z.s.<\/td><td>2.<\/td><td>12\/31\/2026<\/td><\/tr><tr><td class=\"has-text-align-left\" data-align=\"left\">14<\/td><td>Kotrou\u0161 Jan<\/td><td>ATLETIKA HOSTIVA\u0158 z.s.<\/td><td>3.<\/td><td>31.12.2026<\/td><\/tr><tr><td class=\"has-text-align-left\" data-align=\"left\">15<\/td><td>Janouch V\u00e1clav<\/td><td>AK B\u00edlina<\/td><td>2.<\/td><td>31.12.2050<\/td><\/tr><tr><td class=\"has-text-align-left\" data-align=\"left\">16<\/td><td>Mast\u00edk Rudolf<\/td><td>TJ Sokol Praha Kr\u00e1lovsk\u00e9 Vinohrady<\/td><td>1.<\/td><td>31.12.2026<\/td><\/tr><tr><td class=\"has-text-align-left\" data-align=\"left\">17<\/td><td>Sutnar Jan<\/td><td>Univerztn\u00ed sportovn\u00ed klub Praha<\/td><td>2.<\/td><td>31.12.2024<\/td><\/tr><tr><td class=\"has-text-align-left\" data-align=\"left\">18<\/td><td>No\u017ei\u010dka Milan<\/td><td>SSK V\u00edtkovice,z.s.<\/td><td>2.<\/td><td>31.12.2023<\/td><\/tr><tr><td class=\"has-text-align-left\" data-align=\"left\">19<\/td><td>Valenta Petr<\/td><td>AK Slovan Duchcov<\/td><td>T\u017d<\/td><td>31.12.2026<\/td><\/tr><tr><td class=\"has-text-align-left\" data-align=\"left\">20<\/td><td>Eibl Miroslav<\/td><td>AK B\u00edlina<\/td><td>T\u017d<\/td><td>31.12.2024<\/td><\/tr><tr><td class=\"has-text-align-left\" data-align=\"left\">21<\/td><td>Mat\u011bjka Milan<\/td><td>AC Trutnov,z.s.<\/td><td>3.<\/td><td>31.12.2024<\/td><\/tr><\/tbody><\/table><\/figure>\n","protected":false},"excerpt":{"rendered":"<a href=\"https:\/\/www.caths.cz\/wordpress\/sporty\/atletika\/seznam-treneru\/\"><img loading=\"lazy\" decoding=\"async\" width=\"100\" height=\"100\" src=\"https:\/\/www.caths.cz\/wordpress\/wp-content\/plugins\/thumbnail-for-excerpts\/tfe_no_thumb.png\" class=\"alignleft wp-post-image tfe\" alt=\"\" title=\"\" \/><\/a><p>&nbsp; P\u0159ijmen\u00ed a jm\u00e9no Odd\u00edl T\u0159\u00edda Registrace do 1 Kacanu Eva Atletick\u00fd klub Olomouc z.s. TAP+PARA 12\/31\/2026 2 Sou\u010dkov\u00e1 Ane\u017eka SK Kotl\u00e1\u0159ka Praha, z.s. TAP+PARA 12\/31\/2026 3 Mat\u011bj\u00e1kov\u00e1 Alena AC [&hellip;]<\/p>\n","protected":false},"author":1,"featured_media":0,"parent":4301,"menu_order":0,"comment_status":"closed","ping_status":"closed","template":"","meta":{"ngg_post_thumbnail":0,"footnotes":""},"class_list":["post-30272","page","type-page","status-publish","hentry"],"_links":{"self":[{"href":"https:\/\/www.caths.cz\/wordpress\/wp-json\/wp\/v2\/pages\/30272","targetHints":{"allow":["GET"]}}],"collection":[{"href":"https:\/\/www.caths.cz\/wordpress\/wp-json\/wp\/v2\/pages"}],"about":[{"href":"https:\/\/www.caths.cz\/wordpress\/wp-json\/wp\/v2\/types\/page"}],"author":[{"embeddable":true,"href":"https:\/\/www.caths.cz\/wordpress\/wp-json\/wp\/v2\/users\/1"}],"replies":[{"embeddable":true,"href":"https:\/\/www.caths.cz\/wordpress\/wp-json\/wp\/v2\/comments?post=30272"}],"version-history":[{"count":3,"href":"https:\/\/www.caths.cz\/wordpress\/wp-json\/wp\/v2\/pages\/30272\/revisions"}],"predecessor-version":[{"id":30275,"href":"https:\/\/www.caths.cz\/wordpress\/wp-json\/wp\/v2\/pages\/30272\/revisions\/30275"}],"up":[{"embeddable":true,"href":"https:\/\/www.caths.cz\/wordpress\/wp-json\/wp\/v2\/pages\/4301"}],"wp:attachment":[{"href":"https:\/\/www.caths.cz\/wordpress\/wp-json\/wp\/v2\/media?parent=30272"}],"curies":[{"name":"wp","href":"https:\/\/api.w.org\/{rel}","templated":true}]}}