{"id":29539,"date":"2022-01-04T12:11:12","date_gmt":"2022-01-04T11:11:12","guid":{"rendered":"https:\/\/www.caths.cz\/wordpress\/?page_id=29539"},"modified":"2022-01-04T12:24:10","modified_gmt":"2022-01-04T11:24:10","slug":"koncepce-rozvoje-atletiky-a-jachtingu-pro-zdravotne-postizene-sportovce","status":"publish","type":"page","link":"https:\/\/www.caths.cz\/wordpress\/caths\/koncepce-rozvoje-atletiky-a-jachtingu-pro-zdravotne-postizene-sportovce\/","title":{"rendered":"Koncepce rozvoje atletiky a jachtingu"},"content":{"rendered":"\n<p>V listopadu 2021 se \u010cATHS stala gestorem pro paralympijsk\u00fd sport <strong>atletika<\/strong> a neparalympijsk\u00fd sport <strong>jachting<\/strong>.<\/p>\n\n\n\n<br>\n\n\n\n<p>C\u00edt\u00edme velkou zodpov\u011bdnost a jsme p\u0159ipraveni vykon\u00e1vat funkci gestora pro tyto v\u00fdznamn\u00e9 sporty.<\/p>\n\n\n\n<br>\n\n\n\n<p>Koncepce, kter\u00e9 byly N\u00e1rodn\u00ed sportovn\u00ed agenturou vyhodnoceny jako nejlep\u0161\u00ed zve\u0159ej\u0148ujeme n\u00ed\u017ee:<\/p>\n\n\n\n<br>\n\n\n\n<div class=\"wp-block-file\"><a href=\"https:\/\/www.caths.cz\/wordpress\/wp-content\/uploads\/2022\/01\/Koncepce-atletiky_\u010cATHS_upravena-o-novou-ORG-strukturu.pdf\"><strong>ATLETIKA &#8211;<\/strong><\/a><a href=\"https:\/\/www.caths.cz\/wordpress\/wp-content\/uploads\/2022\/01\/Koncepce-atletiky_\u010cATHS_upravena-o-novou-ORG-strukturu.pdf\" class=\"wp-block-file__button\" download>St\u00e1hnout<\/a><\/div>\n\n\n\n<div class=\"wp-block-file\"><a href=\"https:\/\/www.caths.cz\/wordpress\/wp-content\/uploads\/2022\/01\/Koncepce-jachtingu_\u010cATHS.pdf\"><strong>JACHTING<\/strong> &#8211;<\/a><a href=\"https:\/\/www.caths.cz\/wordpress\/wp-content\/uploads\/2022\/01\/Koncepce-jachtingu_\u010cATHS.pdf\" class=\"wp-block-file__button\" download>St\u00e1hnout<\/a><\/div>\n","protected":false},"excerpt":{"rendered":"<a href=\"https:\/\/www.caths.cz\/wordpress\/caths\/koncepce-rozvoje-atletiky-a-jachtingu-pro-zdravotne-postizene-sportovce\/\"><img loading=\"lazy\" decoding=\"async\" width=\"100\" height=\"100\" src=\"https:\/\/www.caths.cz\/wordpress\/wp-content\/plugins\/thumbnail-for-excerpts\/tfe_no_thumb.png\" class=\"alignleft wp-post-image tfe\" alt=\"\" title=\"\" \/><\/a><p>V listopadu 2021 se \u010cATHS stala gestorem pro paralympijsk\u00fd sport atletika a neparalympijsk\u00fd sport jachting. C\u00edt\u00edme velkou zodpov\u011bdnost a jsme p\u0159ipraveni vykon\u00e1vat funkci gestora pro tyto v\u00fdznamn\u00e9 sporty. Koncepce, kter\u00e9 [&hellip;]<\/p>\n","protected":false},"author":1,"featured_media":0,"parent":103,"menu_order":0,"comment_status":"closed","ping_status":"closed","template":"","meta":{"ngg_post_thumbnail":0,"footnotes":""},"class_list":["post-29539","page","type-page","status-publish","hentry"],"_links":{"self":[{"href":"https:\/\/www.caths.cz\/wordpress\/wp-json\/wp\/v2\/pages\/29539","targetHints":{"allow":["GET"]}}],"collection":[{"href":"https:\/\/www.caths.cz\/wordpress\/wp-json\/wp\/v2\/pages"}],"about":[{"href":"https:\/\/www.caths.cz\/wordpress\/wp-json\/wp\/v2\/types\/page"}],"author":[{"embeddable":true,"href":"https:\/\/www.caths.cz\/wordpress\/wp-json\/wp\/v2\/users\/1"}],"replies":[{"embeddable":true,"href":"https:\/\/www.caths.cz\/wordpress\/wp-json\/wp\/v2\/comments?post=29539"}],"version-history":[{"count":5,"href":"https:\/\/www.caths.cz\/wordpress\/wp-json\/wp\/v2\/pages\/29539\/revisions"}],"predecessor-version":[{"id":29547,"href":"https:\/\/www.caths.cz\/wordpress\/wp-json\/wp\/v2\/pages\/29539\/revisions\/29547"}],"up":[{"embeddable":true,"href":"https:\/\/www.caths.cz\/wordpress\/wp-json\/wp\/v2\/pages\/103"}],"wp:attachment":[{"href":"https:\/\/www.caths.cz\/wordpress\/wp-json\/wp\/v2\/media?parent=29539"}],"curies":[{"name":"wp","href":"https:\/\/api.w.org\/{rel}","templated":true}]}}