{"id":2914,"date":"2014-12-23T18:42:57","date_gmt":"2014-12-23T17:42:57","guid":{"rendered":"http:\/\/www.caths.cz\/wordpress\/?page_id=2914"},"modified":"2025-10-20T14:38:36","modified_gmt":"2025-10-20T13:38:36","slug":"zapisy-ze-schuzi-vv","status":"publish","type":"page","link":"https:\/\/www.caths.cz\/wordpress\/caths\/zapisy-ze-schuzi-vv\/","title":{"rendered":"Z\u00e1pisy ze sch\u016fz\u00ed VV"},"content":{"rendered":"<p><strong><span style=\"color: #ff0000;\">2025<\/span><\/strong><\/p>\n<ul>\n<li><a href=\"https:\/\/www.caths.cz\/wordpress\/wp-content\/uploads\/2025\/10\/251809_1_2025_VV-CATHS_zapis.pdf\">251809_1_2025_VV \u010cATHS_z\u00e1pis<\/a><\/li>\n<\/ul>\n<p><strong><span style=\"color: #ff0000;\">2024<\/span><\/strong><\/p>\n<ul>\n<li><a href=\"https:\/\/www.caths.cz\/wordpress\/wp-content\/uploads\/2024\/06\/241706_1_2024_VV-CATHS_zapis.pdf\">241706_1_2024_VV \u010cATHS_z\u00e1pis<\/a><\/li>\n<\/ul>\n<p><strong><span style=\"color: #ff0000;\">2023<\/span><\/strong><\/p>\n<ul>\n<li><a href=\"https:\/\/www.caths.cz\/wordpress\/wp-content\/uploads\/2023\/05\/230330_1_2023_VV-\u010cATHS_z\u00e1pis.pdf\">230330_1_2023_VV \u010cATHS_z\u00e1pis<\/a><\/li>\n<li><a href=\"https:\/\/www.caths.cz\/wordpress\/wp-content\/uploads\/2023\/12\/231004_2_2023_VV-CATHS_zapis.pdf\">231004_2_2023_VV \u010cATHS_z\u00e1pis<\/a><\/li>\n<\/ul>\n<p><strong><span style=\"color: #ff0000;\">2022<\/span><\/strong><\/p>\n<ul>\n<li><a href=\"https:\/\/www.caths.cz\/wordpress\/wp-content\/uploads\/2022\/10\/221019_1_2022_VV-\u010cATHS_z\u00e1pis.pdf\">221019_1_2022_VV \u010cATHS_z\u00e1pis<\/a><\/li>\n<\/ul>\n<p><strong><span style=\"color: #ff0000;\">2021<\/span><\/strong><\/p>\n<ul>\n<li><a href=\"https:\/\/www.caths.cz\/wordpress\/wp-content\/uploads\/2021\/02\/210204_1_2021_VV-\u010cATHS_z\u00e1pis.pdf\">210204_1_2021_VV \u010cATHS_z\u00e1pis<\/a><\/li>\n<li><span style=\"color: #ff0000;\"><a href=\"https:\/\/www.caths.cz\/wordpress\/wp-content\/uploads\/2021\/10\/211004_2_2021_VV-\u010cATHS_z\u00e1pis-1.pdf\">211004_2_2021_VV \u010cATHS_z\u00e1pis<\/a><\/span><\/li>\n<li><a href=\"https:\/\/www.caths.cz\/wordpress\/wp-content\/uploads\/2021\/11\/211110_3_2021_VV-\u010cATHS_z\u00e1pis.pdf\">211110_3_2021_VV \u010cATHS_z\u00e1pis<\/a><\/li>\n<\/ul>\n<p><strong><span style=\"color: #ff0000;\">2020<\/span><\/strong><\/p>\n<ul>\n<li><a href=\"https:\/\/www.caths.cz\/wordpress\/wp-content\/uploads\/2020\/07\/200625_1_2020_VV-\u010cATHS_z\u00e1pis.pdf\">200625_1_2020_VV \u010cATHS_z\u00e1pis<\/a><\/li>\n<li><a href=\"https:\/\/www.caths.cz\/wordpress\/wp-content\/uploads\/2020\/07\/200708_2_2020_VV-\u010cATHS_z\u00e1pis.pdf\">200708_2_2020_VV \u010cATHS_z\u00e1pis<\/a><\/li>\n<li><a href=\"https:\/\/www.caths.cz\/wordpress\/wp-content\/uploads\/2020\/08\/200810_3_2020_VV-\u010cATHS_z\u00e1pis.pdf\">200810_3_2020_VV \u010cATHS_z\u00e1pis<\/a><\/li>\n<\/ul>\n<p><strong><span style=\"color: #ff0000;\">2019<\/span><\/strong><\/p>\n<ul>\n<li><a href=\"https:\/\/www.caths.cz\/wordpress\/wp-content\/uploads\/2020\/07\/190205_1_2019_VV-\u010cATHS_z\u00e1pis.pdf\">190205_1_2019_VV \u010cATHS_z\u00e1pis<\/a><\/li>\n<li><a href=\"https:\/\/www.caths.cz\/wordpress\/wp-content\/uploads\/2020\/07\/190402_2_2019_VV-\u010cATHS_z\u00e1pis.pdf\">190402_2_2019_VV \u010cATHS_z\u00e1pis<\/a><\/li>\n<li><a href=\"https:\/\/www.caths.cz\/wordpress\/wp-content\/uploads\/2020\/07\/190904_3_2019_VV-\u010cATHS_z\u00e1pis.pdf\">190904_3_2019_VV \u010cATHS_z\u00e1pis<\/a><\/li>\n<\/ul>\n<p><strong><span style=\"color: #ff0000;\">2018<\/span><\/strong><\/p>\n<ul>\n<li><a href=\"http:\/\/www.caths.cz\/wordpress\/wp-content\/uploads\/2014\/12\/180207_1_2018_VV_CATHS_zapis.pdf\">180207_1_2018_VV_CATHS_zapis<\/a><\/li>\n<li><a href=\"http:\/\/www.caths.cz\/wordpress\/wp-content\/uploads\/2014\/12\/180410_2_2018_VV_CATHS_zapis.pdf\">180410_2_2018_VV_CATHS_zapis<\/a><\/li>\n<li><a href=\"http:\/\/www.caths.cz\/wordpress\/wp-content\/uploads\/2014\/12\/180626_3_2018_VV_CATHS_zapis.pdf\">180626_3_2018_VV_CATHS_zapis<\/a><\/li>\n<li><a href=\"http:\/\/www.caths.cz\/wordpress\/wp-content\/uploads\/2014\/12\/180925_4_2018_VV_CATHS_zapis.pdf\">180925_4_2018_VV_CATHS_zapis<\/a><\/li>\n<\/ul>\n<p><strong><span style=\"color: #ff0000;\">2017<\/span><\/strong><\/p>\n<ul>\n<li><a href=\"http:\/\/www.caths.cz\/wordpress\/wp-content\/uploads\/2014\/12\/170307_1_2017_VV_CATHS_zapis.pdf\">170307_1_2017_VV_CATHS_zapis<\/a><\/li>\n<li><a href=\"https:\/\/www.caths.cz\/wordpress\/wp-content\/uploads\/2021\/06\/171005_3_2017_VV_CATHS_zapis.pdf\">171005_3_2017_VV_CATHS_zapis<\/a><\/li>\n<li><a href=\"http:\/\/www.caths.cz\/wordpress\/wp-content\/uploads\/2014\/12\/Z%C3%A1pis-z-VH-CATHS-8_11_2017.pdf\">171108_4_2017_CS_CATHS_zapis<\/a><\/li>\n<\/ul>\n<p><strong><span style=\"color: #ff0000;\">2016<\/span><\/strong><\/p>\n<ul>\n<li><a href=\"http:\/\/www.caths.cz\/wordpress\/wp-content\/uploads\/2014\/12\/z\u00e1pis-VV-CATHS_1.pdf\">z\u00e1pis VV CATHS_1<\/a><\/li>\n<li><a href=\"http:\/\/www.caths.cz\/wordpress\/wp-content\/uploads\/2014\/12\/z\u00e1pis-VV-CATHS_2.pdf\">z\u00e1pis VV CATHS_2<\/a><\/li>\n<li><a href=\"http:\/\/www.caths.cz\/wordpress\/wp-content\/uploads\/2014\/12\/z\u00e1pis-VV-CATHS_3.pdf\">z\u00e1pis VV CATHS_3<\/a><\/li>\n<li><a href=\"http:\/\/www.caths.cz\/wordpress\/wp-content\/uploads\/2014\/12\/z\u00e1pis-VV-CATHS_4.pdf\">z\u00e1pis VV CATHS_4<\/a><\/li>\n<\/ul>\n<p><strong><span style=\"color: #ff0000;\">2015<\/span><\/strong><\/p>\n<ul>\n<li><a href=\"http:\/\/www.caths.cz\/wordpress\/wp-content\/uploads\/2014\/12\/150112_1_2015_VV_CATHS_zapis_web.pdf\">150112_1_2015_VV_CATHS_zapis<\/a><\/li>\n<li><a href=\"http:\/\/www.caths.cz\/wordpress\/wp-content\/uploads\/2014\/12\/150112_2_2015_VV_CATHS_zapis.pdf\">150112_2_2015_VV_CATHS_zapis<\/a><\/li>\n<\/ul>\n<p><strong><span style=\"color: #ff0000;\">2014<\/span><\/strong><\/p>\n<ul>\n<li><a href=\"http:\/\/www.caths.cz\/storage\/vv_zapisy\/141124_5VV_CATHS_zapis.pdf\">5. sch\u016fze (24.11.2014)<\/a><\/li>\n<li>2. sch\u016fze &#8211; <a href=\"https:\/\/www.caths.cz\/wordpress\/wp-content\/uploads\/2021\/06\/140401_2VV_CATHS_zapis_vz79154.pdf\">140401_2VV_CATHS_zapis_vz[79154]<\/a><\/li>\n<\/ul>\n\n\n<p><\/p>\n","protected":false},"excerpt":{"rendered":"<a href=\"https:\/\/www.caths.cz\/wordpress\/caths\/zapisy-ze-schuzi-vv\/\"><img loading=\"lazy\" decoding=\"async\" width=\"100\" height=\"100\" src=\"https:\/\/www.caths.cz\/wordpress\/wp-content\/plugins\/thumbnail-for-excerpts\/tfe_no_thumb.png\" class=\"alignleft wp-post-image tfe\" alt=\"\" title=\"\" \/><\/a><p>2025 251809_1_2025_VV \u010cATHS_z\u00e1pis 2024 241706_1_2024_VV \u010cATHS_z\u00e1pis 2023 230330_1_2023_VV \u010cATHS_z\u00e1pis 231004_2_2023_VV \u010cATHS_z\u00e1pis 2022 221019_1_2022_VV \u010cATHS_z\u00e1pis 2021 210204_1_2021_VV \u010cATHS_z\u00e1pis 211004_2_2021_VV \u010cATHS_z\u00e1pis 211110_3_2021_VV \u010cATHS_z\u00e1pis 2020 200625_1_2020_VV \u010cATHS_z\u00e1pis 200708_2_2020_VV \u010cATHS_z\u00e1pis 200810_3_2020_VV \u010cATHS_z\u00e1pis 2019 190205_1_2019_VV [&hellip;]<\/p>\n","protected":false},"author":1,"featured_media":0,"parent":103,"menu_order":0,"comment_status":"closed","ping_status":"closed","template":"","meta":{"ngg_post_thumbnail":0,"footnotes":""},"class_list":["post-2914","page","type-page","status-publish","hentry"],"_links":{"self":[{"href":"https:\/\/www.caths.cz\/wordpress\/wp-json\/wp\/v2\/pages\/2914","targetHints":{"allow":["GET"]}}],"collection":[{"href":"https:\/\/www.caths.cz\/wordpress\/wp-json\/wp\/v2\/pages"}],"about":[{"href":"https:\/\/www.caths.cz\/wordpress\/wp-json\/wp\/v2\/types\/page"}],"author":[{"embeddable":true,"href":"https:\/\/www.caths.cz\/wordpress\/wp-json\/wp\/v2\/users\/1"}],"replies":[{"embeddable":true,"href":"https:\/\/www.caths.cz\/wordpress\/wp-json\/wp\/v2\/comments?post=2914"}],"version-history":[{"count":22,"href":"https:\/\/www.caths.cz\/wordpress\/wp-json\/wp\/v2\/pages\/2914\/revisions"}],"predecessor-version":[{"id":32169,"href":"https:\/\/www.caths.cz\/wordpress\/wp-json\/wp\/v2\/pages\/2914\/revisions\/32169"}],"up":[{"embeddable":true,"href":"https:\/\/www.caths.cz\/wordpress\/wp-json\/wp\/v2\/pages\/103"}],"wp:attachment":[{"href":"https:\/\/www.caths.cz\/wordpress\/wp-json\/wp\/v2\/media?parent=2914"}],"curies":[{"name":"wp","href":"https:\/\/api.w.org\/{rel}","templated":true}]}}