{"id":2908,"date":"2014-12-23T18:39:25","date_gmt":"2014-12-23T17:39:25","guid":{"rendered":"http:\/\/www.caths.cz\/wordpress\/?page_id=2908"},"modified":"2026-01-28T15:58:44","modified_gmt":"2026-01-28T14:58:44","slug":"statuty-a-rady","status":"publish","type":"page","link":"https:\/\/www.caths.cz\/wordpress\/caths\/statuty-a-rady\/","title":{"rendered":"Statuty a \u0159\u00e1dy"},"content":{"rendered":"<p>&nbsp;<\/p>\n<p><strong><a href=\"http:\/\/www.caths.cz\/download\/dokumenty_statuty\/Statut%20statniho%20reprezenta.pdf\">Statut st\u00e1tn\u00edho reprezentanta, \u010dlena \u010cATHS<\/a><br><a href=\"http:\/\/www.caths.cz\/download\/dokumenty_statuty\/Statut%20trenera%20statni%20reprezentace.pdf\">Statut tren\u00e9ra n\u00e1rodn\u00ed reprezentace, \u010dlena \u010cATHS<\/a><br><a href=\"http:\/\/www.caths.cz\/download\/dokumenty_statuty\/Statut%20clena%20realizacniho%20tymu%20statni%20reprezentace.pdf\">Statut \u010dlena realiza\u010dn\u00edho t\u00fdmu reprezentace, \u010dlena \u010cATHS<\/a><\/strong><\/p>\n<p><a href=\"http:\/\/www.caths.cz\/download\/dokumenty_statuty\/Vnitrni%20rad%20Sekci%20CATHS_new.pdf\">Vnit\u0159n\u00ed \u0159\u00e1d Sekc\u00ed \u010cATHS<\/a><\/p>\n\n\n<div class=\"wp-block-file\"><a id=\"wp-block-file--media-78dd94bb-efae-428b-975c-0f3de5e6cc9e\" href=\"https:\/\/www.caths.cz\/wordpress\/wp-content\/uploads\/2026\/01\/Smernice-pro-prepocet-cizich-men-a-pouzivani-kurzu.pdf\"><strong>Sm\u011brnice pro p\u0159epo\u010det ciz\u00edch m\u011bn a pou\u017e\u00edv\u00e1n\u00ed kurz\u016f<\/strong><\/a><\/div>\n\n\n\n<div class=\"wp-block-file\"><a id=\"wp-block-file--media-a19f767c-1ad2-48c8-ad79-c367515cfa56\" href=\"https:\/\/www.caths.cz\/wordpress\/wp-content\/uploads\/2026\/01\/Smernice-pro-organizaci-a-evidenci-sportovnich-soutezi.pdf\"><strong>Sm\u011brnice pro organizaci a evidenci sportovn\u00edch sout\u011b\u017e\u00ed<\/strong><\/a><\/div>\n\n\n\n<div class=\"wp-block-file\"><a id=\"wp-block-file--media-ac9da04d-cb43-4c4a-b973-f80852d4d430\" href=\"https:\/\/www.caths.cz\/wordpress\/wp-content\/uploads\/2026\/01\/Smernice-pro-rozvojove-akce-\u2013-\u201ePARA-ATLETIKA-PRO-VSECHNY.pdf\"><strong>Sm\u011brnice pro rozvojov\u00e9 akce \u2013 \u201ePARA ATLETIKA PRO V\u0160ECHNY<\/strong>\u201c<\/a><\/div>\n\n\n\n<p><\/p>\n","protected":false},"excerpt":{"rendered":"<a href=\"https:\/\/www.caths.cz\/wordpress\/caths\/statuty-a-rady\/\"><img loading=\"lazy\" decoding=\"async\" width=\"100\" height=\"100\" src=\"https:\/\/www.caths.cz\/wordpress\/wp-content\/plugins\/thumbnail-for-excerpts\/tfe_no_thumb.png\" class=\"alignleft wp-post-image tfe\" alt=\"\" title=\"\" \/><\/a><p>&nbsp; Statut st\u00e1tn\u00edho reprezentanta, \u010dlena \u010cATHSStatut tren\u00e9ra n\u00e1rodn\u00ed reprezentace, \u010dlena \u010cATHSStatut \u010dlena realiza\u010dn\u00edho t\u00fdmu reprezentace, \u010dlena \u010cATHS Vnit\u0159n\u00ed \u0159\u00e1d Sekc\u00ed \u010cATHS<\/p>\n","protected":false},"author":1,"featured_media":0,"parent":103,"menu_order":0,"comment_status":"closed","ping_status":"closed","template":"","meta":{"ngg_post_thumbnail":0,"footnotes":""},"class_list":["post-2908","page","type-page","status-publish","hentry"],"_links":{"self":[{"href":"https:\/\/www.caths.cz\/wordpress\/wp-json\/wp\/v2\/pages\/2908","targetHints":{"allow":["GET"]}}],"collection":[{"href":"https:\/\/www.caths.cz\/wordpress\/wp-json\/wp\/v2\/pages"}],"about":[{"href":"https:\/\/www.caths.cz\/wordpress\/wp-json\/wp\/v2\/types\/page"}],"author":[{"embeddable":true,"href":"https:\/\/www.caths.cz\/wordpress\/wp-json\/wp\/v2\/users\/1"}],"replies":[{"embeddable":true,"href":"https:\/\/www.caths.cz\/wordpress\/wp-json\/wp\/v2\/comments?post=2908"}],"version-history":[{"count":2,"href":"https:\/\/www.caths.cz\/wordpress\/wp-json\/wp\/v2\/pages\/2908\/revisions"}],"predecessor-version":[{"id":32486,"href":"https:\/\/www.caths.cz\/wordpress\/wp-json\/wp\/v2\/pages\/2908\/revisions\/32486"}],"up":[{"embeddable":true,"href":"https:\/\/www.caths.cz\/wordpress\/wp-json\/wp\/v2\/pages\/103"}],"wp:attachment":[{"href":"https:\/\/www.caths.cz\/wordpress\/wp-json\/wp\/v2\/media?parent=2908"}],"curies":[{"name":"wp","href":"https:\/\/api.w.org\/{rel}","templated":true}]}}