{"id":105,"date":"2014-12-22T19:27:06","date_gmt":"2014-12-22T18:27:06","guid":{"rendered":"http:\/\/www.caths.cz\/wordpress\/?page_id=105"},"modified":"2023-05-30T12:12:15","modified_gmt":"2023-05-30T11:12:15","slug":"kontakty","status":"publish","type":"page","link":"https:\/\/www.caths.cz\/wordpress\/caths\/kontakty\/","title":{"rendered":"Kontakty"},"content":{"rendered":"\n<div class=\"wp-block-group\"><div class=\"wp-block-group__inner-container is-layout-flow wp-block-group-is-layout-flow\">\n<p><span style=\"text-decoration: underline;\"><strong>Faktura\u010dn\u00ed \u00fadaje:<\/strong><\/span><\/p>\n\n\n\n<p><strong>\u010cATHS, z.s.<\/strong><\/p>\n\n\n\n<p>Z\u00e1topkova 100\/2<\/p>\n\n\n\n<p>160 17, Praha 6 &#8211; Strahov<\/p>\n\n\n\n<p>I\u010cO: 26991543<\/p>\n\n\n\n<p><em>Spisov\u00e1 zna\u010dka: L 15533 veden\u00e1 u M\u011bstsk\u00e9ho soudu v Praze<\/em><\/p>\n\n\n\n<table border=\"0\" width=\"480\" cellspacing=\"0\" cellpadding=\"0\">\n<tbody>\n<tr>\n<td width=\"360\" height=\"5\">\n<p><strong>Sekretari\u00e1t \u010cATHS:<br>Z\u00e1topkova 100\/2<br>160 17 PRAHA 6<\/strong><\/p>\n<p>tel.: 296 118 426<br>email: <a href=\"mailto:caths@caths.cz\">caths@caths.cz<\/a><br>bankovn\u00ed spojen\u00ed: \u010cSOB, a.s. \u2013 \u010d.\u00fa.: 196290221\/0300<\/p>\n<\/td>\n<\/tr>\n<\/tbody>\n<\/table>\n<table border=\"0\" width=\"480\" cellspacing=\"0\" cellpadding=\"0\">\n<tbody>\n<tr>\n<td rowspan=\"4\" height=\"7\">&nbsp;<img decoding=\"async\" src=\"http:\/\/www.caths.cz\/wordpress\/wp-content\/uploads\/2014\/12\/Vojta.jpg\" alt=\"Vojta\"><\/td>\n<td width=\"335\" height=\"5\"><b>Mgr.&nbsp;Vojt\u011bch Pavl\u00edk<\/b><\/td>\n<\/tr>\n<tr>\n<td width=\"335\" height=\"5\">Vedouc\u00ed sekretari\u00e1tu \u010cATHS<\/td>\n<\/tr>\n<tr>\n<td width=\"335\" height=\"5\">tel.: +420 604 975 981<\/td>\n<\/tr>\n<tr>\n<td width=\"335\" height=\"4\">e-mail: <a href=\"caths@caths.cz\">vojtech.pavlik@caths.cz<\/a><\/td>\n<\/tr>\n<\/tbody>\n<\/table>\n<table border=\"0\" width=\"480\" cellspacing=\"0\" cellpadding=\"0\">\n<tbody>\n<tr>\n<td rowspan=\"4\" height=\"7\"><img loading=\"lazy\" decoding=\"async\" class=\"alignleft  wp-image-30404\" src=\"https:\/\/www.caths.cz\/wordpress\/wp-content\/uploads\/2023\/05\/foto-Vr\u00e1til-224x300.jpg\" alt=\"\" width=\"80\" height=\"107\" srcset=\"https:\/\/www.caths.cz\/wordpress\/wp-content\/uploads\/2023\/05\/foto-Vr\u00e1til-224x300.jpg 224w, https:\/\/www.caths.cz\/wordpress\/wp-content\/uploads\/2023\/05\/foto-Vr\u00e1til-764x1024.jpg 764w, https:\/\/www.caths.cz\/wordpress\/wp-content\/uploads\/2023\/05\/foto-Vr\u00e1til-768x1030.jpg 768w, https:\/\/www.caths.cz\/wordpress\/wp-content\/uploads\/2023\/05\/foto-Vr\u00e1til-89x120.jpg 89w, https:\/\/www.caths.cz\/wordpress\/wp-content\/uploads\/2023\/05\/foto-Vr\u00e1til.jpg 912w\" sizes=\"auto, (max-width: 80px) 100vw, 80px\" \/><\/td>\n<td width=\"335\" height=\"5\"><b>Petr Vr\u00e1til<\/b><\/td>\n<\/tr>\n<tr>\n<td width=\"335\" height=\"5\">Mana\u017eer reprezenta\u010dn\u00edho t\u00fdmu atletiky, asistent sekretari\u00e1tu<\/td>\n<\/tr>\n<tr>\n<td width=\"335\" height=\"5\">tel.: +420 605 475 994<\/td>\n<\/tr>\n<tr>\n<td width=\"335\" height=\"4\">e-mail: <a href=\"caths@caths.cz\">petr.vratil@caths.cz<\/a><\/td>\n<\/tr>\n<\/tbody>\n<\/table>\n<h2>Veden\u00ed \u010cATHS<\/h2>\n<table border=\"0\" width=\"480\" cellspacing=\"0\" cellpadding=\"0\">\n<tbody>\n<tr>\n<td rowspan=\"3\" height=\"5\"><img decoding=\"async\" src=\"http:\/\/www.caths.cz\/wordpress\/wp-content\/uploads\/2014\/12\/Vojta.jpg\" alt=\"Vojta\"><\/td>\n<td width=\"335\" height=\"15\"><b>Mgr. VOJT\u011aCH PAVL\u00cdK<\/b><\/td>\n<\/tr>\n<tr>\n<td width=\"335\" height=\"13\">p\u0159edseda<\/td>\n<\/tr>\n<tr>\n<td width=\"335\" height=\"4\">e-mail: <a href=\"mailto:zapletal.vik@gmail.com\">vojtech.pavlik@caths.cz<\/a><\/td>\n<\/tr>\n<\/tbody>\n<\/table>\n<table border=\"0\" width=\"480\" cellspacing=\"0\" cellpadding=\"0\">\n<tbody>\n<tr>\n<td rowspan=\"3\" height=\"5\"><img loading=\"lazy\" decoding=\"async\" class=\"alignleft  wp-image-30420\" src=\"https:\/\/www.caths.cz\/wordpress\/wp-content\/uploads\/2023\/05\/Vrbov\u00e1-Pavla-235x300.jpg\" alt=\"\" width=\"80\" height=\"102\" srcset=\"https:\/\/www.caths.cz\/wordpress\/wp-content\/uploads\/2023\/05\/Vrbov\u00e1-Pavla-235x300.jpg 235w, https:\/\/www.caths.cz\/wordpress\/wp-content\/uploads\/2023\/05\/Vrbov\u00e1-Pavla-94x120.jpg 94w, https:\/\/www.caths.cz\/wordpress\/wp-content\/uploads\/2023\/05\/Vrbov\u00e1-Pavla.jpg 744w\" sizes=\"auto, (max-width: 80px) 100vw, 80px\" \/><\/td>\n<td width=\"335\" height=\"15\"><b>Bc. PAVLA VRBOV\u00c1<\/b><\/td>\n<\/tr>\n<tr>\n<td width=\"335\" height=\"13\">\u010dlen VV<\/td>\n<\/tr>\n<tr>\n<td width=\"335\" height=\"4\">e-mail: <a href=\"mailto:pavla.vrbova@atlas.cz\">pavla.vrbova@atlas.cz<\/a><\/td>\n<\/tr>\n<\/tbody>\n<\/table>\n<table border=\"0\" width=\"480\" cellspacing=\"0\" cellpadding=\"0\">\n<tbody>\n<tr>\n<td rowspan=\"3\" height=\"5\"><img loading=\"lazy\" decoding=\"async\" class=\" alignleft\" src=\"http:\/\/www.caths.cz\/image\/kontakty_caths_new\/viktor_zapletal.jpg\" alt=\"\" width=\"80\" height=\"99\" border=\"0\"><\/td>\n<td width=\"335\" height=\"15\"><b>Mgr. VIKTOR ZAPLETAL<\/b><\/td>\n<\/tr>\n<tr>\n<td width=\"335\" height=\"13\">\u010dlen VV<\/td>\n<\/tr>\n<tr>\n<td width=\"335\" height=\"4\">e-mail: <a href=\"mailto:zapletal.vik@gmail.com\">zapletal.vik@gmail.com<\/a><\/td>\n<\/tr>\n<\/tbody>\n<\/table>\n<table border=\"0\" width=\"480\" cellspacing=\"0\" cellpadding=\"0\">\n<tbody>\n<tr>\n<td rowspan=\"3\" height=\"5\"><img loading=\"lazy\" decoding=\"async\" class=\"alignleft  wp-image-30403\" src=\"https:\/\/www.caths.cz\/wordpress\/wp-content\/uploads\/2023\/05\/Marcan_Vladimir-219x300.jpg\" alt=\"\" width=\"82\" height=\"112\" srcset=\"https:\/\/www.caths.cz\/wordpress\/wp-content\/uploads\/2023\/05\/Marcan_Vladimir-219x300.jpg 219w, https:\/\/www.caths.cz\/wordpress\/wp-content\/uploads\/2023\/05\/Marcan_Vladimir-88x120.jpg 88w, https:\/\/www.caths.cz\/wordpress\/wp-content\/uploads\/2023\/05\/Marcan_Vladimir.jpg 269w\" sizes=\"auto, (max-width: 82px) 100vw, 82px\" \/><\/td>\n<td width=\"335\" height=\"15\"><b>VLADIM\u00cdR MAR\u010cAN<\/b><\/td>\n<\/tr>\n<tr>\n<td width=\"335\" height=\"13\">\u010dlen VV<\/td>\n<\/tr>\n<tr>\n<td width=\"335\" height=\"4\">e-mail: <a href=\"mailto:v.marcan@email.cz\">v.marcan@email.cz<\/a><\/td>\n<\/tr>\n<\/tbody>\n<\/table>\n<table border=\"0\" width=\"480\" cellspacing=\"0\" cellpadding=\"0\">\n<tbody>\n<tr>\n<td rowspan=\"3\"><img decoding=\"async\" class=\" alignleft\" src=\"http:\/\/www.caths.cz\/image\/kontakty_caths_new\/eva_kacanu.jpg\" alt=\"\" border=\"0\"><\/td>\n<td width=\"335\"><b>Mgr. EVA KACANU<\/b><\/td>\n<\/tr>\n<tr>\n<td width=\"335\">\u010dlen VV<\/td>\n<\/tr>\n<tr>\n<td width=\"335\">e-mail: <a href=\"mailto:evakacanu@seznam.cz\">evakacanu@seznam.cz<\/a><\/td>\n<\/tr>\n<\/tbody>\n<\/table>\n<table border=\"0\" width=\"480\" cellspacing=\"0\" cellpadding=\"0\">\n<tbody>\n<tr>\n<td rowspan=\"3\" height=\"5\"><img loading=\"lazy\" decoding=\"async\" class=\" alignleft\" src=\"http:\/\/www.caths.cz\/image\/kontakty_caths_new\/jaroslava_krakovicova.jpg\" alt=\"\" width=\"81\" height=\"99\" border=\"0\"><\/td>\n<td width=\"335\" height=\"15\"><b>Mgr. JAROSLAVA KRAKOVI\u010cOV\u00c1<\/b><\/td>\n<\/tr>\n<tr>\n<td width=\"335\" height=\"13\">\u010dlen VV<\/td>\n<\/tr>\n<tr>\n<td width=\"335\" height=\"4\">email: <a href=\"mailto:jara.krakovicova@gmail.com\">jara.krakovicova@gmail.com<\/a><\/td>\n<\/tr>\n<\/tbody>\n<\/table>\n<table border=\"0\" width=\"480\" cellspacing=\"0\" cellpadding=\"0\">\n<tbody>\n<tr>\n<td rowspan=\"3\"><img loading=\"lazy\" decoding=\"async\" class=\" alignleft\" src=\"http:\/\/www.caths.cz\/image\/kontakty_caths_new\/david_snajdr.jpg\" alt=\"\" width=\"80\" height=\"98\" border=\"0\"><\/td>\n<td width=\"335\"><strong>Mgr. DAVID \u0160NAJDR<\/strong><\/td>\n<\/tr>\n<tr>\n<td width=\"335\">\u010dlen VV<\/td>\n<\/tr>\n<tr>\n<td width=\"335\">e-mail: <a href=\"mailto:snajdrcpv@volny.cz\">snajdrcpv@volny.cz<\/a><\/td>\n<\/tr>\n<\/tbody>\n<\/table>\n<h2>SLO\u017dEN\u00cd KRK:<\/h2>\n<p><strong>Mgr. V\u011bra Vodi\u010dkov\u00e1<\/strong> &#8211; p\u0159edsedkyn\u011b KRK<br><strong>Ing. Renata Hab\u00e1skov\u00e1<\/strong> &#8211; \u010dlen KRK<\/p>\n<\/div><\/div>\n\n\n\n<p><\/p>\n","protected":false},"excerpt":{"rendered":"<a href=\"https:\/\/www.caths.cz\/wordpress\/caths\/kontakty\/\"><img width=\"76\" height=\"98\" src=\"https:\/\/www.caths.cz\/wordpress\/wp-content\/uploads\/2014\/12\/Vojta.jpg\" class=\"alignleft tfe wp-post-image\" alt=\"\" decoding=\"async\" loading=\"lazy\" \/><\/a><p>Faktura\u010dn\u00ed \u00fadaje: \u010cATHS, z.s. Z\u00e1topkova 100\/2 160 17, Praha 6 &#8211; Strahov I\u010cO: 26991543 Spisov\u00e1 zna\u010dka: L 15533 veden\u00e1 u M\u011bstsk\u00e9ho soudu v Praze Sekretari\u00e1t \u010cATHS:Z\u00e1topkova 100\/2160 17 PRAHA 6 [&hellip;]<\/p>\n","protected":false},"author":1,"featured_media":27332,"parent":103,"menu_order":0,"comment_status":"closed","ping_status":"closed","template":"","meta":{"ngg_post_thumbnail":0,"footnotes":""},"class_list":["post-105","page","type-page","status-publish","has-post-thumbnail","hentry"],"_links":{"self":[{"href":"https:\/\/www.caths.cz\/wordpress\/wp-json\/wp\/v2\/pages\/105","targetHints":{"allow":["GET"]}}],"collection":[{"href":"https:\/\/www.caths.cz\/wordpress\/wp-json\/wp\/v2\/pages"}],"about":[{"href":"https:\/\/www.caths.cz\/wordpress\/wp-json\/wp\/v2\/types\/page"}],"author":[{"embeddable":true,"href":"https:\/\/www.caths.cz\/wordpress\/wp-json\/wp\/v2\/users\/1"}],"replies":[{"embeddable":true,"href":"https:\/\/www.caths.cz\/wordpress\/wp-json\/wp\/v2\/comments?post=105"}],"version-history":[{"count":48,"href":"https:\/\/www.caths.cz\/wordpress\/wp-json\/wp\/v2\/pages\/105\/revisions"}],"predecessor-version":[{"id":30421,"href":"https:\/\/www.caths.cz\/wordpress\/wp-json\/wp\/v2\/pages\/105\/revisions\/30421"}],"up":[{"embeddable":true,"href":"https:\/\/www.caths.cz\/wordpress\/wp-json\/wp\/v2\/pages\/103"}],"wp:featuredmedia":[{"embeddable":true,"href":"https:\/\/www.caths.cz\/wordpress\/wp-json\/wp\/v2\/media\/27332"}],"wp:attachment":[{"href":"https:\/\/www.caths.cz\/wordpress\/wp-json\/wp\/v2\/media?parent=105"}],"curies":[{"name":"wp","href":"https:\/\/api.w.org\/{rel}","templated":true}]}}